{"id":1699,"date":"2024-08-13T11:25:22","date_gmt":"2024-08-13T08:25:22","guid":{"rendered":"https:\/\/hizero.ee\/?page_id=1699"},"modified":"2024-08-16T23:15:30","modified_gmt":"2024-08-16T20:15:30","slug":"veaotsing","status":"publish","type":"page","link":"https:\/\/hizero.ee\/lt\/veaotsing\/","title":{"rendered":"Gedim\u0173 \u0161alinimas"},"content":{"rendered":"<div data-elementor-type=\"wp-page\" data-elementor-id=\"1699\" class=\"elementor elementor-1699\" data-elementor-settings=\"{&quot;ha_cmc_init_switcher&quot;:&quot;no&quot;}\">\n\t\t\t\t<div class=\"elementor-element elementor-element-fcdf2f0 e-flex e-con-boxed e-con e-parent\" data-id=\"fcdf2f0\" data-element_type=\"container\" data-settings=\"{&quot;background_background&quot;:&quot;classic&quot;,&quot;_ha_eqh_enable&quot;:false}\">\n\t\t\t\t\t<div class=\"e-con-inner\">\n\t\t\t\t<div class=\"elementor-element elementor-element-0e9ada5 elementor-invisible elementor-widget elementor-widget-heading\" data-id=\"0e9ada5\" data-element_type=\"widget\" data-settings=\"{&quot;_animation&quot;:&quot;fadeIn&quot;}\" data-widget_type=\"heading.default\">\n\t\t\t\t<div class=\"elementor-widget-container\">\n\t\t\t\t\t<h2 class=\"elementor-heading-title elementor-size-default\">Gedim\u0173 \u0161alinimas<\/h2>\t\t\t\t<\/div>\n\t\t\t\t<\/div>\n\t\t\t\t\t<\/div>\n\t\t\t\t<\/div>\n\t\t<div class=\"elementor-element elementor-element-acc0fd4 e-flex e-con-boxed e-con e-parent\" data-id=\"acc0fd4\" data-element_type=\"container\" data-settings=\"{&quot;_ha_eqh_enable&quot;:false}\">\n\t\t\t\t\t<div class=\"e-con-inner\">\n\t\t\t\t<div class=\"elementor-element elementor-element-d2be635 elementor-widget elementor-widget-heading\" data-id=\"d2be635\" data-element_type=\"widget\" data-widget_type=\"heading.default\">\n\t\t\t\t<div class=\"elementor-widget-container\">\n\t\t\t\t\t<h4 class=\"elementor-heading-title elementor-size-default\">F500 Gedim\u0173 \u0161alinimas<\/h4>\t\t\t\t<\/div>\n\t\t\t\t<\/div>\n\t\t\t\t<div class=\"elementor-element elementor-element-a2a2e96 elementor-widget elementor-widget-toggle\" data-id=\"a2a2e96\" data-element_type=\"widget\" data-widget_type=\"toggle.default\">\n\t\t\t\t<div class=\"elementor-widget-container\">\n\t\t\t\t\t\t\t<div class=\"elementor-toggle\">\n\t\t\t\t\t\t\t<div class=\"elementor-toggle-item\">\n\t\t\t\t\t<div id=\"elementor-tab-title-1701\" class=\"elementor-tab-title\" data-tab=\"1\" role=\"button\" aria-controls=\"elementor-tab-content-1701\" aria-expanded=\"false\">\n\t\t\t\t\t\t\t\t\t\t\t\t<a class=\"elementor-toggle-title\" tabindex=\"0\">Valymo volelio b\u016bsenos indikatorius (raudonas)<\/a>\n\t\t\t\t\t<\/div>\n\n\t\t\t\t\t<div id=\"elementor-tab-content-1701\" class=\"elementor-tab-content elementor-clearfix\" data-tab=\"1\" role=\"region\" aria-labelledby=\"elementor-tab-title-1701\"><ul><li>Patikrinkite, ar valymo volelis neu\u017eblokuotas pa\u0161alini\u0173 objekt\u0173. Jei taip, pa\u0161alinkite pa\u0161alinius objektus, kad atlaisvintum\u0117te valymo volel\u012f.<\/li><li>I\u0161imkite valymo volel\u012f ir patikrinkite, ar metalinis filtras tinkamai \u012fd\u0117tas, kad rodykl\u0117s ant metalinio filtro sutapt\u0173 su rodykl\u0117mis ant valymo galvut\u0117s. Jei ne, \u012fd\u0117kite j\u012f teisingai.<\/li><li>Jei problema i\u0161lieka, susisiekite su m\u016bs\u0173 aptarnavimo tarnyba.<\/li><\/ul><\/div>\n\t\t\t\t<\/div>\n\t\t\t\t\t\t\t<div class=\"elementor-toggle-item\">\n\t\t\t\t\t<div id=\"elementor-tab-title-1702\" class=\"elementor-tab-title\" data-tab=\"2\" role=\"button\" aria-controls=\"elementor-tab-content-1702\" aria-expanded=\"false\">\n\t\t\t\t\t\t\t\t\t\t\t\t<a class=\"elementor-toggle-title\" tabindex=\"0\">\u0160epe\u010dio volelio b\u016bsenos indikatorius (raudonas)<\/a>\n\t\t\t\t\t<\/div>\n\n\t\t\t\t\t<div id=\"elementor-tab-content-1702\" class=\"elementor-tab-content elementor-clearfix\" data-tab=\"2\" role=\"region\" aria-labelledby=\"elementor-tab-title-1702\"><ul><li>Patikrinkite, ar valymo galvut\u0117s dangtelis sandariai u\u017efiksuotas. Jei ne, bandykite dar kart\u0105 \u012fsitikinti, kad valymo galvut\u0117s dangtelis yra savo vietoje.<\/li><li>Patikrinkite, ar \u0161epe\u010dio volelis neu\u017eblokuotas pa\u0161alini\u0173 objekt\u0173. Jei taip, pa\u0161alinkite pa\u0161alinius objektus, kad atlaisvintum\u0117te \u0161epe\u010dio volel\u012f.<\/li><li>Jei problema i\u0161lieka, susisiekite su m\u016bs\u0173 aptarnavimo tarnyba.<\/li><\/ul><\/div>\n\t\t\t\t<\/div>\n\t\t\t\t\t\t\t<div class=\"elementor-toggle-item\">\n\t\t\t\t\t<div id=\"elementor-tab-title-1703\" class=\"elementor-tab-title\" data-tab=\"3\" role=\"button\" aria-controls=\"elementor-tab-content-1703\" aria-expanded=\"false\">\n\t\t\t\t\t\t\t\t\t\t\t\t<a class=\"elementor-toggle-title\" tabindex=\"0\">Tu\u0161\u010dios \u0161varaus vandens talpyklos indikatorius (raudonas)<\/a>\n\t\t\t\t\t<\/div>\n\n\t\t\t\t\t<div id=\"elementor-tab-content-1703\" class=\"elementor-tab-content elementor-clearfix\" data-tab=\"3\" role=\"region\" aria-labelledby=\"elementor-tab-title-1703\"><p>Jei indikatorius rodo, kad talpykla tu\u0161\u010dia (raudonas indikatorius), nors jis pripildytas vandens, atlikite \u0161iuos veiksmus:<\/p><ol><li>\u012esitikinkite, kad nenaudojate distiliuoto vandens. \u201eHizero\u201c grind\u0173 valiklis skirtas naudoti su vandentiekio vandeniu. Distiliuoto vandens laidumas yra per ma\u017eas, kad j\u012f b\u016bt\u0173 galima aptikti, tod\u0117l sukels klaiding\u0105 \u0161varaus vandens tr\u016bkumo aliarm\u0105. Vartotojas gali \u012fpilti vien\u0105 dangtel\u012f \u201eHizero\u201c valymo tirpalo \u012f \u0161varaus vandens talpykl\u0105, kad pagerint\u0173 laidum\u0105, arba naudoti vandentiekio vanden\u012f, kad jutiklis gal\u0117t\u0173 teisingai aptikti vandens lyg\u012f.<\/li><li>\u012ejunkite \u012frengin\u012f, pasirinkite 2 re\u017eim\u0105 ir leiskite \u201eHizero\u201c grind\u0173 valymo \u012frenginiui veikti, kol jis automati\u0161kai sustos. Kartokite \u0161\u012f veiksm\u0105, kol problema bus i\u0161spr\u0119sta. Jei 5\u201310 interval\u0173 problemos nei\u0161sprend\u017eia, pereikite prie 3 veiksmo.<\/li><li>Naudodami oro p\u016bstuv\u0105 arba \u0161virk\u0161t\u0105, \u0161velniai \u012fpur\u0161kite \u0161ilto vandens \u012f \u0161varaus vandens vamzd\u012f per \u0161varaus vandens talpyklos jungt\u012f.<\/li><li>Jei problema i\u0161lieka, susisiekite su m\u016bs\u0173 aptarnavimo tarnyba.<br \/><br \/><\/li><\/ol><p><iframe title=\"F803 Clean Water Tank Indicator Flashes In Red\" width=\"800\" height=\"450\" src=\"https:\/\/www.youtube.com\/embed\/eUNVgKaQ-u0?feature=oembed\" frameborder=\"0\" allow=\"accelerometer; autoplay; clipboard-write; encrypted-media; gyroscope; picture-in-picture; web-share\" referrerpolicy=\"strict-origin-when-cross-origin\" allowfullscreen><\/iframe><\/p><\/div>\n\t\t\t\t<\/div>\n\t\t\t\t\t\t\t<div class=\"elementor-toggle-item\">\n\t\t\t\t\t<div id=\"elementor-tab-title-1704\" class=\"elementor-tab-title\" data-tab=\"4\" role=\"button\" aria-controls=\"elementor-tab-content-1704\" aria-expanded=\"false\">\n\t\t\t\t\t\t\t\t\t\t\t\t<a class=\"elementor-toggle-title\" tabindex=\"0\">Pilnos ne\u0161varaus vandens talpyklos indikatorius (raudonas)<\/a>\n\t\t\t\t\t<\/div>\n\n\t\t\t\t\t<div id=\"elementor-tab-content-1704\" class=\"elementor-tab-content elementor-clearfix\" data-tab=\"4\" role=\"region\" aria-labelledby=\"elementor-tab-title-1704\"><p>Jei indikatorius rodo, kad ne\u0161varaus vandens talpykla pilna (raudonas indikatorius), bet talpykla i\u0161 tikr\u0173j\u0173 n\u0117ra pilna, atlikite \u0161iuos veiksmus:<\/p><ol><li>\u012esitikinkite, kad ne\u0161varaus vandens talpykla tinkamai \u012fd\u0117ta, dangtelis sandariai u\u017edarytas ir neu\u017esikim\u0161\u0119s.<\/li><li>Ne\u0161varaus vandens talpyklos pl\u016bd\u0117 tur\u0117t\u0173 laisvai jud\u0117ti, rodydama vandens lyg\u012f. Patikrinkite, ar pl\u016bd\u0117 neu\u017estrigusi. Jei taip, praplaukite vandeniu ir i\u0161valykite pl\u016bd\u0119, kad i\u0161spr\u0119stum\u0117te problem\u0105.<\/li><li>\u012ejunkite \u012frengin\u012f, pasirinkite 2 re\u017eim\u0105 ir leiskite \u201eHizero\u201c grind\u0173 valymo \u012frenginiui veikti, kol jis automati\u0161kai sustos. Kartokite \u0161\u012f veiksm\u0105, kol problema bus i\u0161spr\u0119sta. Jei 5\u201310 interval\u0173 problemos nei\u0161sprend\u017eia, t\u0119skite 2 veiksm\u0105.<\/li><li>Jei problema i\u0161lieka, susisiekite su m\u016bs\u0173 aptarnavimo tarnyba.<br \/><br \/><\/li><\/ol><p><iframe title=\"F803 Dirty Water Tank Indicator Flashes In Red\" width=\"800\" height=\"450\" src=\"https:\/\/www.youtube.com\/embed\/73-VLRVWaV8?feature=oembed\" frameborder=\"0\" allow=\"accelerometer; autoplay; clipboard-write; encrypted-media; gyroscope; picture-in-picture; web-share\" referrerpolicy=\"strict-origin-when-cross-origin\" allowfullscreen><\/iframe><\/p><\/div>\n\t\t\t\t<\/div>\n\t\t\t\t\t\t\t<div class=\"elementor-toggle-item\">\n\t\t\t\t\t<div id=\"elementor-tab-title-1705\" class=\"elementor-tab-title\" data-tab=\"5\" role=\"button\" aria-controls=\"elementor-tab-content-1705\" aria-expanded=\"false\">\n\t\t\t\t\t\t\t\t\t\t\t\t<a class=\"elementor-toggle-title\" tabindex=\"0\">Vanduo teka ant grind\u0173 prie\u0161ais \u0161veitimo galvut\u0119.<\/a>\n\t\t\t\t\t<\/div>\n\n\t\t\t\t\t<div id=\"elementor-tab-content-1705\" class=\"elementor-tab-content elementor-clearfix\" data-tab=\"5\" role=\"region\" aria-labelledby=\"elementor-tab-title-1705\"><ul><li>Patikrinkite, ar n\u0117ra u\u017esikim\u0161im\u0173 metaliniame filtre ir ne\u0161varaus vandens vamzd\u017eio filtre, esan\u010diame kair\u0117je \u0161veitimo galvut\u0117s pus\u0117je (toje pa\u010dioje pus\u0117je, kur yra \u0161veitimo volelio priedas).<\/li><li>Teisingai \u012fd\u0117kite metalin\u012f filtr\u0105.<\/li><\/ul><\/div>\n\t\t\t\t<\/div>\n\t\t\t\t\t\t\t<div class=\"elementor-toggle-item\">\n\t\t\t\t\t<div id=\"elementor-tab-title-1706\" class=\"elementor-tab-title\" data-tab=\"6\" role=\"button\" aria-controls=\"elementor-tab-content-1706\" aria-expanded=\"false\">\n\t\t\t\t\t\t\t\t\t\t\t\t<a class=\"elementor-toggle-title\" tabindex=\"0\">\u012erenginys buvo i\u0161jungtas ir pad\u0117tas ant grind\u0173 stovo. Ta\u010diau kit\u0105 ryt\u0105 ant pagrindo buvo rasta vandens bala.<\/a>\n\t\t\t\t\t<\/div>\n\n\t\t\t\t\t<div id=\"elementor-tab-content-1706\" class=\"elementor-tab-content elementor-clearfix\" data-tab=\"6\" role=\"region\" aria-labelledby=\"elementor-tab-title-1706\"><p>Su \u0161variu vandeniu susimai\u0161iusios smulkios dalel\u0117s gali sugadinti \u0161varaus vandens siurblio sandarikl\u012f. \u0160i\u0105 problem\u0105 galima i\u0161spr\u0119sti i\u0161plaunant \u012fstrigusias daleles. \u012ejunkite \u012frengin\u012f ir pasirinkite 2 re\u017eim\u0105, leiskite \u012frenginiui veikti 3\u20135 minutes, tada i\u0161junkite \u012frengin\u012f ir i\u0161imkite valymo volel\u012f, pad\u0117kite j\u012f ant pagrindo, kad pamatytum\u0117te, ar vanduo v\u0117l patenka \u012f pagrind\u0105. Norint i\u0161spr\u0119sti problem\u0105, gali tekti pakartoti kelis kartus. Jei problema nei\u0161sprend\u017eiama, susisiekite su m\u016bs\u0173 aptarnavimo tarnyba.<\/p><\/div>\n\t\t\t\t<\/div>\n\t\t\t\t\t\t\t<div class=\"elementor-toggle-item\">\n\t\t\t\t\t<div id=\"elementor-tab-title-1707\" class=\"elementor-tab-title\" data-tab=\"7\" role=\"button\" aria-controls=\"elementor-tab-content-1707\" aria-expanded=\"false\">\n\t\t\t\t\t\t\t\t\t\t\t\t<a class=\"elementor-toggle-title\" tabindex=\"0\">Vandens perteklius ant grind\u0173<\/a>\n\t\t\t\t\t<\/div>\n\n\t\t\t\t\t<div id=\"elementor-tab-content-1707\" class=\"elementor-tab-content elementor-clearfix\" data-tab=\"7\" role=\"region\" aria-labelledby=\"elementor-tab-title-1707\"><ul><li>Patikrinkite, ar valymo volelis yra visi\u0161kai i\u0161mirk\u0119s ir sumink\u0161t\u0117j\u0119s, ir ar mirkymo metu buvo i\u0161spaustas vandens perteklius. Polimerinis volelis gali i\u0161d\u017ei\u016bti, jei \u201eHizero\u201c grind\u0173 valiklis nebus naudojamas kelias dienas. Dar kart\u0105 pamirkykite j\u012f \u0161iltame vandenyje, kad sumink\u0161t\u0117t\u0173, ir prie\u0161 naudojim\u0105 i\u0161spauskite vandens pertekli\u0173.<\/li><li>Nuimkite metalin\u012f filtr\u0105 po \u0161veitimo galvut\u0117s dangteliu ir patikrinkite, ar grotel\u0117s neu\u017esikim\u0161usios. Jei taip, i\u0161imkite j\u012f ir i\u0161plaukite vandeniu.<\/li><li>Patikrinkite, ar neu\u017esikim\u0161usios dvi ne\u0161varaus vandens talpyklos dangtelio skyl\u0117s. Jei jose yra \u012fstrigusi\u0173 pa\u0161alini\u0173 daikt\u0173, galite juos atkim\u0161ti s\u0105var\u017e\u0117le arba dant\u0173 krap\u0161tuku.<\/li><li>I\u0161valykite nuotek\u0173 vamzd\u012f, esant\u012f \u0161veitimo galvut\u0117s \u0161one, taip:<ul><li>Nuimkite permatom\u0105 \u0161ukos filtr\u0105 ir nuplaukite j\u012f vandeniu.<\/li><li>Nuimkite juod\u0105 dangtel\u012f, esant\u012f \u012frenginio \u0161one, ir atidarykite nuotek\u0173 vamzd\u012f. Nuimt\u0105 vamzd\u017eio dal\u012f nuplaukite po vandeniu ir dr\u0117gnu skudur\u0117liu nuvalykite \u0161veitimo galvut\u0117s kra\u0161t\u0105.<\/li><li>Sumontuokite dalis atgal \u012f \u012frengin\u012f.<\/li><\/ul><\/li><li>Patikrinkite, ar \u0161veitimo volelis nepa\u017eeistas, ir ar abu volelio galai bei \u0161veitimo galvut\u0117s korpusas tvirtai priglunda. Jei matote koki\u0173 nors pa\u017eeidim\u0173 ar tarp\u0173, pakeiskite \u0161veitimo volel\u012f.<\/li><li>Patikrinkite, ar grandiklis \u0161alia atliek\u0173 konteinerio nepa\u017eeistas. Jei taip, pakeiskite j\u012f nauju.<\/li><li>Jei \u0161veitimo volelis buvo naudojamas ilgiau nei 6 m\u0117nesius, rekomenduojama j\u012f pakeisti.<\/li><\/ul><\/div>\n\t\t\t\t<\/div>\n\t\t\t\t\t\t\t<div class=\"elementor-toggle-item\">\n\t\t\t\t\t<div id=\"elementor-tab-title-1708\" class=\"elementor-tab-title\" data-tab=\"8\" role=\"button\" aria-controls=\"elementor-tab-content-1708\" aria-expanded=\"false\">\n\t\t\t\t\t\t\t\t\t\t\t\t<a class=\"elementor-toggle-title\" tabindex=\"0\">\u012erenginys nesikrauna.<\/a>\n\t\t\t\t\t<\/div>\n\n\t\t\t\t\t<div id=\"elementor-tab-content-1708\" class=\"elementor-tab-content elementor-clearfix\" data-tab=\"8\" role=\"region\" aria-labelledby=\"elementor-tab-title-1708\"><ul><li>\u012esitikinkite, kad maitinimo adapteris tinkamai sumontuotas.<\/li><li>\u012esitikinkite, kad maitinimo ki\u0161tukas turi maitinimo \u0161altin\u012f, kuris atitinka maitinimo adapter\u012f. Specifikacij\u0173 ie\u0161kokite ant maitinimo adapterio.<\/li><li>\u012ed\u0117kite baterij\u0105 atgal. Jei akumuliatorius yra apsaugotoje b\u016bsenoje, jo negalima \u012fkrauti. \u012ed\u0117kite akumuliatori\u0173 i\u0161 naujo, kad i\u0161eitum\u0117te i\u0161 apsaugotos b\u016bsenos.<\/li><li>Jei problema i\u0161lieka, susisiekite su m\u016bs\u0173 aptarnavimo tarnyba.<\/li><\/ul><\/div>\n\t\t\t\t<\/div>\n\t\t\t\t\t\t\t<div class=\"elementor-toggle-item\">\n\t\t\t\t\t<div id=\"elementor-tab-title-1709\" class=\"elementor-tab-title\" data-tab=\"9\" role=\"button\" aria-controls=\"elementor-tab-content-1709\" aria-expanded=\"false\">\n\t\t\t\t\t\t\t\t\t\t\t\t<a class=\"elementor-toggle-title\" tabindex=\"0\">Valymo volelis skleid\u017eia kvap\u0105<\/a>\n\t\t\t\t\t<\/div>\n\n\t\t\t\t\t<div id=\"elementor-tab-content-1709\" class=\"elementor-tab-content elementor-clearfix\" data-tab=\"9\" role=\"region\" aria-labelledby=\"elementor-tab-title-1709\"><ul><li>Kruop\u0161\u010diai i\u0161valykite \u201eHizero\u201c grind\u0173 valymo \u012frengin\u012f ir du kartus paleiskite j\u012f 2 savaiminio valymo re\u017eimu, kad pamatytum\u0117te, ar kvapas i\u0161nyksta. Kiekvien\u0105 kart\u0105 \u012f \u0161varaus vandens bakel\u012f \u012fpilkite po 10 ml \u201eHIZERO\u201c valymo tirpalo.<\/li><li>Nuimkite valymo volel\u012f, pamasa\u017euokite ir nuplaukite j\u012f rankomis \u201eHIZERO\u201c valymo tirpalu.<\/li><li>Jei kvapas i\u0161lieka, pakeiskite valymo volel\u012f.<\/li><\/ul><\/div>\n\t\t\t\t<\/div>\n\t\t\t\t\t\t\t<div class=\"elementor-toggle-item\">\n\t\t\t\t\t<div id=\"elementor-tab-title-17010\" class=\"elementor-tab-title\" data-tab=\"10\" role=\"button\" aria-controls=\"elementor-tab-content-17010\" aria-expanded=\"false\">\n\t\t\t\t\t\t\t\t\t\t\t\t<a class=\"elementor-toggle-title\" tabindex=\"0\">\u012erenginys pastatytas ant grind\u0173 stovo ir ant stovo teka daug vandens.<\/a>\n\t\t\t\t\t<\/div>\n\n\t\t\t\t\t<div id=\"elementor-tab-content-17010\" class=\"elementor-tab-content elementor-clearfix\" data-tab=\"10\" role=\"region\" aria-labelledby=\"elementor-tab-title-17010\"><ul><li>Patikrinkite, ar \u0161varaus vandens bakelis nepraleid\u017eia vandens. Pripildykite \u0161varaus vandens bakel\u012f vandens, nusausinkite pavir\u0161i\u0173 ir pad\u0117kite j\u012f ant stalo steb\u0117jimui.<\/li><li>\u012ejunkite \u012frengin\u012f, pasirinkite 2 re\u017eim\u0105 ir leiskite \u201eHizero\u201c grind\u0173 valymo \u012frenginiui veikti, kol jis automati\u0161kai sustos. Kartokite \u0161\u012f veiksm\u0105, kol problema bus i\u0161spr\u0119sta. Jei 5 intervalai problemos nei\u0161sprend\u017eia, susisiekite su m\u016bs\u0173 aptarnavimo tarnyba.<\/li><\/ul><\/div>\n\t\t\t\t<\/div>\n\t\t\t\t\t\t\t<div class=\"elementor-toggle-item\">\n\t\t\t\t\t<div id=\"elementor-tab-title-17011\" class=\"elementor-tab-title\" data-tab=\"11\" role=\"button\" aria-controls=\"elementor-tab-content-17011\" aria-expanded=\"false\">\n\t\t\t\t\t\t\t\t\t\t\t\t<a class=\"elementor-toggle-title\" tabindex=\"0\">Ant grind\u0173 visada yra \u0161iuk\u0161li\u0173, kuri\u0173 negalima surinkti.<\/a>\n\t\t\t\t\t<\/div>\n\n\t\t\t\t\t<div id=\"elementor-tab-content-17011\" class=\"elementor-tab-content elementor-clearfix\" data-tab=\"11\" role=\"region\" aria-labelledby=\"elementor-tab-title-17011\"><p>Patikrinkite, ar grandiklis \u0161alia atliek\u0173 konteinerio n\u0117ra deformuotas arba sulenktas. Jei taip, pakeiskite grandikl\u012f.<\/p><\/div>\n\t\t\t\t<\/div>\n\t\t\t\t\t\t\t\t<\/div>\n\t\t\t\t\t\t<\/div>\n\t\t\t\t<\/div>\n\t\t\t\t\t<\/div>\n\t\t\t\t<\/div>\n\t\t\t\t<\/div>","protected":false},"excerpt":{"rendered":"<p>Veaotsing F500 Veaotsing Puhastusrulli oleku indikaator (punane) Kontrollige, kas puhastusrull on v\u00f5\u00f5rkehade t\u00f5ttu blokeeritud. Kui jah, eemaldage v\u00f5\u00f5rkehad, et puhastusrull vabastada. Eemaldage puhastusrull ja kontrollige, kas metallfilter on \u00f5igesti paigaldatud nii, et metallfiltri nooled vastavad puhastuspea nooltele. Kui ei, paigaldage see \u00f5igesti. Kui probleem p\u00fcsib, v\u00f5tke \u00fchendust meie teenindusega. Harjarulli oleku indikaator (punane) Kontrollige, kas [&hellip;]<\/p>","protected":false},"author":3,"featured_media":0,"parent":0,"menu_order":0,"comment_status":"closed","ping_status":"closed","template":"","meta":{"footnotes":""},"class_list":["post-1699","page","type-page","status-publish","hentry"],"yoast_head":"<!-- This site is optimized with the Yoast SEO plugin v25.8 - https:\/\/yoast.com\/wordpress\/plugins\/seo\/ -->\n<title>Veaotsing - Hizero<\/title>\n<meta name=\"robots\" content=\"index, follow, max-snippet:-1, max-image-preview:large, max-video-preview:-1\" \/>\n<link rel=\"canonical\" href=\"https:\/\/hizero.ee\/lt\/veaotsing\/\" \/>\n<meta property=\"og:locale\" content=\"lt_LT\" \/>\n<meta property=\"og:type\" content=\"article\" \/>\n<meta property=\"og:title\" content=\"Veaotsing - Hizero\" \/>\n<meta property=\"og:description\" content=\"Veaotsing F500 Veaotsing Puhastusrulli oleku indikaator (punane) Kontrollige, kas puhastusrull on v\u00f5\u00f5rkehade t\u00f5ttu blokeeritud. Kui jah, eemaldage v\u00f5\u00f5rkehad, et puhastusrull vabastada. Eemaldage puhastusrull ja kontrollige, kas metallfilter on \u00f5igesti paigaldatud nii, et metallfiltri nooled vastavad puhastuspea nooltele. Kui ei, paigaldage see \u00f5igesti. Kui probleem p\u00fcsib, v\u00f5tke \u00fchendust meie teenindusega. Harjarulli oleku indikaator (punane) Kontrollige, kas [&hellip;]\" \/>\n<meta property=\"og:url\" content=\"https:\/\/hizero.ee\/lt\/veaotsing\/\" \/>\n<meta property=\"og:site_name\" content=\"Hizero\" \/>\n<meta property=\"article:modified_time\" content=\"2024-08-16T20:15:30+00:00\" \/>\n<meta name=\"twitter:card\" content=\"summary_large_image\" \/>\n<meta name=\"twitter:label1\" content=\"Est. reading time\" \/>\n\t<meta name=\"twitter:data1\" content=\"5 minut\u0117s\" \/>\n<script type=\"application\/ld+json\" class=\"yoast-schema-graph\">{\"@context\":\"https:\/\/schema.org\",\"@graph\":[{\"@type\":\"WebPage\",\"@id\":\"https:\/\/hizero.ee\/veaotsing\/\",\"url\":\"https:\/\/hizero.ee\/veaotsing\/\",\"name\":\"Veaotsing - Hizero\",\"isPartOf\":{\"@id\":\"https:\/\/hizero.ee\/#website\"},\"datePublished\":\"2024-08-13T08:25:22+00:00\",\"dateModified\":\"2024-08-16T20:15:30+00:00\",\"breadcrumb\":{\"@id\":\"https:\/\/hizero.ee\/veaotsing\/#breadcrumb\"},\"inLanguage\":\"lt-LT\",\"potentialAction\":[{\"@type\":\"ReadAction\",\"target\":[\"https:\/\/hizero.ee\/veaotsing\/\"]}]},{\"@type\":\"BreadcrumbList\",\"@id\":\"https:\/\/hizero.ee\/veaotsing\/#breadcrumb\",\"itemListElement\":[{\"@type\":\"ListItem\",\"position\":1,\"name\":\"Home\",\"item\":\"https:\/\/hizero.ee\/\"},{\"@type\":\"ListItem\",\"position\":2,\"name\":\"Veaotsing\"}]},{\"@type\":\"WebSite\",\"@id\":\"https:\/\/hizero.ee\/#website\",\"url\":\"https:\/\/hizero.ee\/\",\"name\":\"Hizero.ee\",\"description\":\"Erakordne j\u00f5udlus. Lihtne hooldus.\",\"publisher\":{\"@id\":\"https:\/\/hizero.ee\/#organization\"},\"potentialAction\":[{\"@type\":\"SearchAction\",\"target\":{\"@type\":\"EntryPoint\",\"urlTemplate\":\"https:\/\/hizero.ee\/?s={search_term_string}\"},\"query-input\":{\"@type\":\"PropertyValueSpecification\",\"valueRequired\":true,\"valueName\":\"search_term_string\"}}],\"inLanguage\":\"lt-LT\"},{\"@type\":\"Organization\",\"@id\":\"https:\/\/hizero.ee\/#organization\",\"name\":\"Hizero.ee\",\"url\":\"https:\/\/hizero.ee\/\",\"logo\":{\"@type\":\"ImageObject\",\"inLanguage\":\"lt-LT\",\"@id\":\"https:\/\/hizero.ee\/#\/schema\/logo\/image\/\",\"url\":\"https:\/\/hizero.ee\/wp-content\/uploads\/2024\/11\/Hizero-logo-uus.png\",\"contentUrl\":\"https:\/\/hizero.ee\/wp-content\/uploads\/2024\/11\/Hizero-logo-uus.png\",\"width\":1744,\"height\":456,\"caption\":\"Hizero.ee\"},\"image\":{\"@id\":\"https:\/\/hizero.ee\/#\/schema\/logo\/image\/\"}}]}<\/script>\n<!-- \/ Yoast SEO plugin. -->","yoast_head_json":{"title":"Veaotsing - Hizero","robots":{"index":"index","follow":"follow","max-snippet":"max-snippet:-1","max-image-preview":"max-image-preview:large","max-video-preview":"max-video-preview:-1"},"canonical":"https:\/\/hizero.ee\/lt\/veaotsing\/","og_locale":"lt_LT","og_type":"article","og_title":"Veaotsing - Hizero","og_description":"Veaotsing F500 Veaotsing Puhastusrulli oleku indikaator (punane) Kontrollige, kas puhastusrull on v\u00f5\u00f5rkehade t\u00f5ttu blokeeritud. Kui jah, eemaldage v\u00f5\u00f5rkehad, et puhastusrull vabastada. Eemaldage puhastusrull ja kontrollige, kas metallfilter on \u00f5igesti paigaldatud nii, et metallfiltri nooled vastavad puhastuspea nooltele. Kui ei, paigaldage see \u00f5igesti. Kui probleem p\u00fcsib, v\u00f5tke \u00fchendust meie teenindusega. Harjarulli oleku indikaator (punane) Kontrollige, kas [&hellip;]","og_url":"https:\/\/hizero.ee\/lt\/veaotsing\/","og_site_name":"Hizero","article_modified_time":"2024-08-16T20:15:30+00:00","twitter_card":"summary_large_image","twitter_misc":{"Est. reading time":"5 minut\u0117s"},"schema":{"@context":"https:\/\/schema.org","@graph":[{"@type":"WebPage","@id":"https:\/\/hizero.ee\/veaotsing\/","url":"https:\/\/hizero.ee\/veaotsing\/","name":"Veaotsing - Hizero","isPartOf":{"@id":"https:\/\/hizero.ee\/#website"},"datePublished":"2024-08-13T08:25:22+00:00","dateModified":"2024-08-16T20:15:30+00:00","breadcrumb":{"@id":"https:\/\/hizero.ee\/veaotsing\/#breadcrumb"},"inLanguage":"lt-LT","potentialAction":[{"@type":"ReadAction","target":["https:\/\/hizero.ee\/veaotsing\/"]}]},{"@type":"BreadcrumbList","@id":"https:\/\/hizero.ee\/veaotsing\/#breadcrumb","itemListElement":[{"@type":"ListItem","position":1,"name":"Home","item":"https:\/\/hizero.ee\/"},{"@type":"ListItem","position":2,"name":"Veaotsing"}]},{"@type":"WebSite","@id":"https:\/\/hizero.ee\/#website","url":"https:\/\/hizero.ee\/","name":"Hizero.ee","description":"Erakordne j\u00f5udlus. Lihtne hooldus.","publisher":{"@id":"https:\/\/hizero.ee\/#organization"},"potentialAction":[{"@type":"SearchAction","target":{"@type":"EntryPoint","urlTemplate":"https:\/\/hizero.ee\/?s={search_term_string}"},"query-input":{"@type":"PropertyValueSpecification","valueRequired":true,"valueName":"search_term_string"}}],"inLanguage":"lt-LT"},{"@type":"Organization","@id":"https:\/\/hizero.ee\/#organization","name":"Hizero.ee","url":"https:\/\/hizero.ee\/","logo":{"@type":"ImageObject","inLanguage":"lt-LT","@id":"https:\/\/hizero.ee\/#\/schema\/logo\/image\/","url":"https:\/\/hizero.ee\/wp-content\/uploads\/2024\/11\/Hizero-logo-uus.png","contentUrl":"https:\/\/hizero.ee\/wp-content\/uploads\/2024\/11\/Hizero-logo-uus.png","width":1744,"height":456,"caption":"Hizero.ee"},"image":{"@id":"https:\/\/hizero.ee\/#\/schema\/logo\/image\/"}}]}},"_links":{"self":[{"href":"https:\/\/hizero.ee\/lt\/wp-json\/wp\/v2\/pages\/1699","targetHints":{"allow":["GET"]}}],"collection":[{"href":"https:\/\/hizero.ee\/lt\/wp-json\/wp\/v2\/pages"}],"about":[{"href":"https:\/\/hizero.ee\/lt\/wp-json\/wp\/v2\/types\/page"}],"author":[{"embeddable":true,"href":"https:\/\/hizero.ee\/lt\/wp-json\/wp\/v2\/users\/3"}],"replies":[{"embeddable":true,"href":"https:\/\/hizero.ee\/lt\/wp-json\/wp\/v2\/comments?post=1699"}],"version-history":[{"count":25,"href":"https:\/\/hizero.ee\/lt\/wp-json\/wp\/v2\/pages\/1699\/revisions"}],"predecessor-version":[{"id":2044,"href":"https:\/\/hizero.ee\/lt\/wp-json\/wp\/v2\/pages\/1699\/revisions\/2044"}],"wp:attachment":[{"href":"https:\/\/hizero.ee\/lt\/wp-json\/wp\/v2\/media?parent=1699"}],"curies":[{"name":"wp","href":"https:\/\/api.w.org\/{rel}","templated":true}]}}