{"id":1705,"date":"2024-08-13T11:26:39","date_gmt":"2024-08-13T08:26:39","guid":{"rendered":"https:\/\/hizero.ee\/?page_id=1705"},"modified":"2024-10-22T09:27:51","modified_gmt":"2024-10-22T06:27:51","slug":"kuidas-teha","status":"publish","type":"page","link":"https:\/\/hizero.ee\/lt\/kuidas-teha\/","title":{"rendered":"Kaip tai padaryti"},"content":{"rendered":"<div data-elementor-type=\"wp-page\" data-elementor-id=\"1705\" class=\"elementor elementor-1705\" data-elementor-settings=\"{&quot;ha_cmc_init_switcher&quot;:&quot;no&quot;}\">\n\t\t\t\t<div class=\"elementor-element elementor-element-1eb5627 e-flex e-con-boxed e-con e-parent\" data-id=\"1eb5627\" data-element_type=\"container\" data-settings=\"{&quot;background_background&quot;:&quot;classic&quot;,&quot;_ha_eqh_enable&quot;:false}\">\n\t\t\t\t\t<div class=\"e-con-inner\">\n\t\t\t\t<div class=\"elementor-element elementor-element-d60d6ad elementor-invisible elementor-widget elementor-widget-heading\" data-id=\"d60d6ad\" data-element_type=\"widget\" data-settings=\"{&quot;_animation&quot;:&quot;fadeIn&quot;}\" data-widget_type=\"heading.default\">\n\t\t\t\t<div class=\"elementor-widget-container\">\n\t\t\t\t\t<h2 class=\"elementor-heading-title elementor-size-default\">Kuidas teha?<\/h2>\t\t\t\t<\/div>\n\t\t\t\t<\/div>\n\t\t\t\t\t<\/div>\n\t\t\t\t<\/div>\n\t\t<div class=\"elementor-element elementor-element-ef43933 e-flex e-con-boxed e-con e-parent\" data-id=\"ef43933\" data-element_type=\"container\" data-settings=\"{&quot;_ha_eqh_enable&quot;:false}\">\n\t\t\t\t\t<div class=\"e-con-inner\">\n\t\t<div class=\"elementor-element elementor-element-a4af41f e-con-full e-flex e-con e-child\" data-id=\"a4af41f\" data-element_type=\"container\" data-settings=\"{&quot;_ha_eqh_enable&quot;:false}\">\n\t\t\t\t<div class=\"elementor-element elementor-element-e546dbc elementor-widget elementor-widget-video\" data-id=\"e546dbc\" data-element_type=\"widget\" data-settings=\"{&quot;youtube_url&quot;:&quot;https:\\\/\\\/www.youtube.com\\\/watch?v=emgggnpKgjE&amp;embeds_referring_euri=https%3A%2F%2Fwww.hizero.com%2F&amp;source_ve_path=NzY3NTg&quot;,&quot;video_type&quot;:&quot;youtube&quot;,&quot;controls&quot;:&quot;yes&quot;}\" data-widget_type=\"video.default\">\n\t\t\t\t<div class=\"elementor-widget-container\">\n\t\t\t\t\t\t\t<div class=\"elementor-wrapper elementor-open-inline\">\n\t\t\t<div class=\"elementor-video\"><\/div>\t\t<\/div>\n\t\t\t\t\t\t<\/div>\n\t\t\t\t<\/div>\n\t\t\t\t<div class=\"elementor-element elementor-element-8a352aa elementor-widget elementor-widget-heading\" data-id=\"8a352aa\" data-element_type=\"widget\" data-widget_type=\"heading.default\">\n\t\t\t\t<div class=\"elementor-widget-container\">\n\t\t\t\t\t<h2 class=\"elementor-heading-title elementor-size-default\">Kaip surinkti F500<\/h2>\t\t\t\t<\/div>\n\t\t\t\t<\/div>\n\t\t\t\t<\/div>\n\t\t<div class=\"elementor-element elementor-element-b48d178 e-con-full e-flex e-con e-child\" data-id=\"b48d178\" data-element_type=\"container\" data-settings=\"{&quot;_ha_eqh_enable&quot;:false}\">\n\t\t\t\t<div class=\"elementor-element elementor-element-d2c8630 elementor-widget elementor-widget-video\" data-id=\"d2c8630\" data-element_type=\"widget\" data-settings=\"{&quot;youtube_url&quot;:&quot;https:\\\/\\\/www.youtube.com\\\/watch?v=YEVvXzugW64&amp;embeds_referring_euri=https%3A%2F%2Fwww.hizero.com%2F&amp;source_ve_path=MjM4NTE&quot;,&quot;video_type&quot;:&quot;youtube&quot;,&quot;controls&quot;:&quot;yes&quot;}\" data-widget_type=\"video.default\">\n\t\t\t\t<div class=\"elementor-widget-container\">\n\t\t\t\t\t\t\t<div class=\"elementor-wrapper elementor-open-inline\">\n\t\t\t<div class=\"elementor-video\"><\/div>\t\t<\/div>\n\t\t\t\t\t\t<\/div>\n\t\t\t\t<\/div>\n\t\t\t\t<\/div>\n\t\t\t\t\t<\/div>\n\t\t\t\t<\/div>\n\t\t<div class=\"elementor-element elementor-element-9d53e92 e-flex e-con-boxed e-con e-parent\" data-id=\"9d53e92\" data-element_type=\"container\" data-settings=\"{&quot;_ha_eqh_enable&quot;:false}\">\n\t\t\t\t\t<div class=\"e-con-inner\">\n\t\t<div class=\"elementor-element elementor-element-89c7641 e-con-full e-flex e-con e-child\" data-id=\"89c7641\" data-element_type=\"container\" data-settings=\"{&quot;_ha_eqh_enable&quot;:false}\">\n\t\t\t\t<div class=\"elementor-element elementor-element-4a94956 elementor-widget elementor-widget-video\" data-id=\"4a94956\" data-element_type=\"widget\" data-settings=\"{&quot;youtube_url&quot;:&quot;https:\\\/\\\/youtu.be\\\/W1RLwMEIGWA&quot;,&quot;video_type&quot;:&quot;youtube&quot;,&quot;controls&quot;:&quot;yes&quot;}\" data-widget_type=\"video.default\">\n\t\t\t\t<div class=\"elementor-widget-container\">\n\t\t\t\t\t\t\t<div class=\"elementor-wrapper elementor-open-inline\">\n\t\t\t<div class=\"elementor-video\"><\/div>\t\t<\/div>\n\t\t\t\t\t\t<\/div>\n\t\t\t\t<\/div>\n\t\t\t\t<div class=\"elementor-element elementor-element-d543e11 elementor-widget elementor-widget-heading\" data-id=\"d543e11\" data-element_type=\"widget\" data-widget_type=\"heading.default\">\n\t\t\t\t<div class=\"elementor-widget-container\">\n\t\t\t\t\t<h2 class=\"elementor-heading-title elementor-size-default\">Kaip naudoti F500<\/h2>\t\t\t\t<\/div>\n\t\t\t\t<\/div>\n\t\t\t\t<\/div>\n\t\t<div class=\"elementor-element elementor-element-eeed7ca e-con-full e-flex e-con e-child\" data-id=\"eeed7ca\" data-element_type=\"container\" data-settings=\"{&quot;_ha_eqh_enable&quot;:false}\">\n\t\t\t\t<div class=\"elementor-element elementor-element-ac84423 elementor-widget elementor-widget-video\" data-id=\"ac84423\" data-element_type=\"widget\" data-settings=\"{&quot;youtube_url&quot;:&quot;https:\\\/\\\/youtu.be\\\/avIrtXp8kc0&quot;,&quot;video_type&quot;:&quot;youtube&quot;,&quot;controls&quot;:&quot;yes&quot;}\" data-widget_type=\"video.default\">\n\t\t\t\t<div class=\"elementor-widget-container\">\n\t\t\t\t\t\t\t<div class=\"elementor-wrapper elementor-open-inline\">\n\t\t\t<div class=\"elementor-video\"><\/div>\t\t<\/div>\n\t\t\t\t\t\t<\/div>\n\t\t\t\t<\/div>\n\t\t\t\t<\/div>\n\t\t\t\t\t<\/div>\n\t\t\t\t<\/div>\n\t\t<div class=\"elementor-element elementor-element-4cc4c38 e-flex e-con-boxed e-con e-parent\" data-id=\"4cc4c38\" data-element_type=\"container\" data-settings=\"{&quot;_ha_eqh_enable&quot;:false}\">\n\t\t\t\t\t<div class=\"e-con-inner\">\n\t\t<div class=\"elementor-element elementor-element-ffd784f e-con-full e-flex e-con e-child\" data-id=\"ffd784f\" data-element_type=\"container\" data-settings=\"{&quot;_ha_eqh_enable&quot;:false}\">\n\t\t\t\t<div class=\"elementor-element elementor-element-e852895 elementor-widget elementor-widget-video\" data-id=\"e852895\" data-element_type=\"widget\" data-settings=\"{&quot;youtube_url&quot;:&quot;https:\\\/\\\/youtu.be\\\/HLZqPcc36f0&quot;,&quot;video_type&quot;:&quot;youtube&quot;,&quot;controls&quot;:&quot;yes&quot;}\" data-widget_type=\"video.default\">\n\t\t\t\t<div class=\"elementor-widget-container\">\n\t\t\t\t\t\t\t<div class=\"elementor-wrapper elementor-open-inline\">\n\t\t\t<div class=\"elementor-video\"><\/div>\t\t<\/div>\n\t\t\t\t\t\t<\/div>\n\t\t\t\t<\/div>\n\t\t\t\t<div class=\"elementor-element elementor-element-a06d4f6 elementor-widget elementor-widget-heading\" data-id=\"a06d4f6\" data-element_type=\"widget\" data-widget_type=\"heading.default\">\n\t\t\t\t<div class=\"elementor-widget-container\">\n\t\t\t\t\t<h2 class=\"elementor-heading-title elementor-size-default\">Kaip i\u0161valyti \u201eHizero F500\u201c po naudojimo<\/h2>\t\t\t\t<\/div>\n\t\t\t\t<\/div>\n\t\t\t\t<\/div>\n\t\t<div class=\"elementor-element elementor-element-515605d e-con-full elementor-hidden-mobile e-flex e-con e-child\" data-id=\"515605d\" data-element_type=\"container\" data-settings=\"{&quot;_ha_eqh_enable&quot;:false}\">\n\t\t\t\t<\/div>\n\t\t\t\t\t<\/div>\n\t\t\t\t<\/div>\n\t\t<div class=\"elementor-element elementor-element-bd9ecdd e-flex e-con-boxed e-con e-parent\" data-id=\"bd9ecdd\" data-element_type=\"container\" data-settings=\"{&quot;_ha_eqh_enable&quot;:false}\">\n\t\t\t\t\t<div class=\"e-con-inner\">\n\t\t<div class=\"elementor-element elementor-element-3a750cb e-con-full e-flex e-con e-child\" data-id=\"3a750cb\" data-element_type=\"container\" data-settings=\"{&quot;_ha_eqh_enable&quot;:false}\">\n\t\t\t\t<div class=\"elementor-element elementor-element-a58eab2 elementor-widget elementor-widget-video\" data-id=\"a58eab2\" data-element_type=\"widget\" data-settings=\"{&quot;youtube_url&quot;:&quot;https:\\\/\\\/youtu.be\\\/QNsdcWghxJo&quot;,&quot;video_type&quot;:&quot;youtube&quot;,&quot;controls&quot;:&quot;yes&quot;}\" data-widget_type=\"video.default\">\n\t\t\t\t<div class=\"elementor-widget-container\">\n\t\t\t\t\t\t\t<div class=\"elementor-wrapper elementor-open-inline\">\n\t\t\t<div class=\"elementor-video\"><\/div>\t\t<\/div>\n\t\t\t\t\t\t<\/div>\n\t\t\t\t<\/div>\n\t\t\t\t<div class=\"elementor-element elementor-element-13958da elementor-widget elementor-widget-heading\" data-id=\"13958da\" data-element_type=\"widget\" data-widget_type=\"heading.default\">\n\t\t\t\t<div class=\"elementor-widget-container\">\n\t\t\t\t\t<h2 class=\"elementor-heading-title elementor-size-default\">Kaip pri\u017ei\u016br\u0117ti F500 | \u012eprasta prie\u017ei\u016bra<\/h2>\t\t\t\t<\/div>\n\t\t\t\t<\/div>\n\t\t\t\t<\/div>\n\t\t<div class=\"elementor-element elementor-element-fc783e8 e-con-full e-flex e-con e-child\" data-id=\"fc783e8\" data-element_type=\"container\" data-settings=\"{&quot;_ha_eqh_enable&quot;:false}\">\n\t\t\t\t<div class=\"elementor-element elementor-element-1553d58 elementor-widget elementor-widget-video\" data-id=\"1553d58\" data-element_type=\"widget\" data-settings=\"{&quot;youtube_url&quot;:&quot;https:\\\/\\\/youtu.be\\\/IOkZRt7I_L4&quot;,&quot;video_type&quot;:&quot;youtube&quot;,&quot;controls&quot;:&quot;yes&quot;}\" data-widget_type=\"video.default\">\n\t\t\t\t<div class=\"elementor-widget-container\">\n\t\t\t\t\t\t\t<div class=\"elementor-wrapper elementor-open-inline\">\n\t\t\t<div class=\"elementor-video\"><\/div>\t\t<\/div>\n\t\t\t\t\t\t<\/div>\n\t\t\t\t<\/div>\n\t\t\t\t<\/div>\n\t\t\t\t\t<\/div>\n\t\t\t\t<\/div>\n\t\t<div class=\"elementor-element elementor-element-eefd96f e-flex e-con-boxed e-con e-parent\" data-id=\"eefd96f\" data-element_type=\"container\" data-settings=\"{&quot;_ha_eqh_enable&quot;:false}\">\n\t\t\t\t\t<div class=\"e-con-inner\">\n\t\t<div class=\"elementor-element elementor-element-ba488a2 e-con-full e-flex e-con e-child\" data-id=\"ba488a2\" data-element_type=\"container\" data-settings=\"{&quot;_ha_eqh_enable&quot;:false}\">\n\t\t\t\t<div class=\"elementor-element elementor-element-61ffdd7 elementor-widget elementor-widget-video\" data-id=\"61ffdd7\" data-element_type=\"widget\" data-settings=\"{&quot;youtube_url&quot;:&quot;https:\\\/\\\/youtu.be\\\/5tLHUCe4nNM&quot;,&quot;video_type&quot;:&quot;youtube&quot;,&quot;controls&quot;:&quot;yes&quot;}\" data-widget_type=\"video.default\">\n\t\t\t\t<div class=\"elementor-widget-container\">\n\t\t\t\t\t\t\t<div class=\"elementor-wrapper elementor-open-inline\">\n\t\t\t<div class=\"elementor-video\"><\/div>\t\t<\/div>\n\t\t\t\t\t\t<\/div>\n\t\t\t\t<\/div>\n\t\t\t\t<div class=\"elementor-element elementor-element-ce64afc elementor-widget elementor-widget-heading\" data-id=\"ce64afc\" data-element_type=\"widget\" data-widget_type=\"heading.default\">\n\t\t\t\t<div class=\"elementor-widget-container\">\n\t\t\t\t\t<h2 class=\"elementor-heading-title elementor-size-default\">Kaip pri\u017ei\u016br\u0117ti F500 | Ne\u0161varaus vandens vamzd\u017eio filtro valymas<\/h2>\t\t\t\t<\/div>\n\t\t\t\t<\/div>\n\t\t\t\t<\/div>\n\t\t<div class=\"elementor-element elementor-element-2c9ee7d e-con-full elementor-hidden-mobile e-flex e-con e-child\" data-id=\"2c9ee7d\" data-element_type=\"container\" data-settings=\"{&quot;_ha_eqh_enable&quot;:false}\">\n\t\t\t\t<\/div>\n\t\t\t\t\t<\/div>\n\t\t\t\t<\/div>\n\t\t<div class=\"elementor-element elementor-element-d1a6c3c e-flex e-con-boxed e-con e-parent\" data-id=\"d1a6c3c\" data-element_type=\"container\" data-settings=\"{&quot;_ha_eqh_enable&quot;:false}\">\n\t\t\t\t\t<div class=\"e-con-inner\">\n\t\t<div class=\"elementor-element elementor-element-e6e3a05 e-con-full e-flex e-con e-child\" data-id=\"e6e3a05\" data-element_type=\"container\" data-settings=\"{&quot;_ha_eqh_enable&quot;:false}\">\n\t\t\t\t<div class=\"elementor-element elementor-element-f76fa68 elementor-widget elementor-widget-video\" data-id=\"f76fa68\" data-element_type=\"widget\" data-settings=\"{&quot;youtube_url&quot;:&quot;https:\\\/\\\/youtu.be\\\/opba553Hwh8&quot;,&quot;video_type&quot;:&quot;youtube&quot;,&quot;controls&quot;:&quot;yes&quot;}\" data-widget_type=\"video.default\">\n\t\t\t\t<div class=\"elementor-widget-container\">\n\t\t\t\t\t\t\t<div class=\"elementor-wrapper elementor-open-inline\">\n\t\t\t<div class=\"elementor-video\"><\/div>\t\t<\/div>\n\t\t\t\t\t\t<\/div>\n\t\t\t\t<\/div>\n\t\t\t\t<div class=\"elementor-element elementor-element-c45f13a elementor-widget elementor-widget-heading\" data-id=\"c45f13a\" data-element_type=\"widget\" data-widget_type=\"heading.default\">\n\t\t\t\t<div class=\"elementor-widget-container\">\n\t\t\t\t\t<h2 class=\"elementor-heading-title elementor-size-default\">Kaip pri\u017ei\u016br\u0117ti F500 | Metalinio filtro montavimas<\/h2>\t\t\t\t<\/div>\n\t\t\t\t<\/div>\n\t\t\t\t<\/div>\n\t\t<div class=\"elementor-element elementor-element-ff977fa e-con-full elementor-hidden-mobile e-flex e-con e-child\" data-id=\"ff977fa\" data-element_type=\"container\" data-settings=\"{&quot;_ha_eqh_enable&quot;:false}\">\n\t\t\t\t<\/div>\n\t\t\t\t\t<\/div>\n\t\t\t\t<\/div>\n\t\t<div class=\"elementor-element elementor-element-aa0f17d e-flex e-con-boxed e-con e-parent\" data-id=\"aa0f17d\" data-element_type=\"container\" data-settings=\"{&quot;_ha_eqh_enable&quot;:false}\">\n\t\t\t\t\t<div class=\"e-con-inner\">\n\t\t<div class=\"elementor-element elementor-element-879c46f e-con-full e-flex e-con e-child\" data-id=\"879c46f\" data-element_type=\"container\" data-settings=\"{&quot;_ha_eqh_enable&quot;:false}\">\n\t\t\t\t<div class=\"elementor-element elementor-element-e5ca3a6 elementor-widget elementor-widget-video\" data-id=\"e5ca3a6\" data-element_type=\"widget\" data-settings=\"{&quot;youtube_url&quot;:&quot;https:\\\/\\\/youtu.be\\\/I6o_ymzxzw8&quot;,&quot;video_type&quot;:&quot;youtube&quot;,&quot;controls&quot;:&quot;yes&quot;}\" data-widget_type=\"video.default\">\n\t\t\t\t<div class=\"elementor-widget-container\">\n\t\t\t\t\t\t\t<div class=\"elementor-wrapper elementor-open-inline\">\n\t\t\t<div class=\"elementor-video\"><\/div>\t\t<\/div>\n\t\t\t\t\t\t<\/div>\n\t\t\t\t<\/div>\n\t\t\t\t<div class=\"elementor-element elementor-element-dac30a4 elementor-widget elementor-widget-heading\" data-id=\"dac30a4\" data-element_type=\"widget\" data-widget_type=\"heading.default\">\n\t\t\t\t<div class=\"elementor-widget-container\">\n\t\t\t\t\t<h2 class=\"elementor-heading-title elementor-size-default\">Kaip pri\u017ei\u016br\u0117ti F500 | Valytuvo keitimas<\/h2>\t\t\t\t<\/div>\n\t\t\t\t<\/div>\n\t\t\t\t<\/div>\n\t\t<div class=\"elementor-element elementor-element-85cf650 e-con-full elementor-hidden-mobile e-flex e-con e-child\" data-id=\"85cf650\" data-element_type=\"container\" data-settings=\"{&quot;_ha_eqh_enable&quot;:false}\">\n\t\t\t\t<\/div>\n\t\t\t\t\t<\/div>\n\t\t\t\t<\/div>\n\t\t\t\t<\/div>","protected":false},"excerpt":{"rendered":"<p>Kuidas teha? Kuidas F500 kokku panna Kuidas F500 kasutada https:\/\/youtu.be\/avIrtXp8kc0https:\/\/youtu.be\/HLZqPcc36f0 Kuidas oma Hizero F500 p\u00e4rast kasutamist puhastada Kuidas hooldada F500 | Rutiinne hooldus https:\/\/youtu.be\/IOkZRt7I_L4https:\/\/youtu.be\/5tLHUCe4nNM Kuidas hooldada F500 | M\u00e4\u00e4rdunud veetoru filtri puhastamine Kuidas hooldada F500 | Metallfiltri paigaldamine Kuidas hooldada F500 | Kaabitsa vahetamine<\/p>","protected":false},"author":3,"featured_media":0,"parent":0,"menu_order":0,"comment_status":"closed","ping_status":"closed","template":"","meta":{"footnotes":""},"class_list":["post-1705","page","type-page","status-publish","hentry"],"yoast_head":"<!-- This site is optimized with the Yoast SEO plugin v25.8 - https:\/\/yoast.com\/wordpress\/plugins\/seo\/ -->\n<title>Kuidas teha - Hizero<\/title>\n<meta name=\"robots\" content=\"index, follow, max-snippet:-1, max-image-preview:large, max-video-preview:-1\" \/>\n<link rel=\"canonical\" href=\"https:\/\/hizero.ee\/lt\/kuidas-teha\/\" \/>\n<meta property=\"og:locale\" content=\"lt_LT\" \/>\n<meta property=\"og:type\" content=\"article\" \/>\n<meta property=\"og:title\" content=\"Kuidas teha - Hizero\" \/>\n<meta property=\"og:description\" content=\"Kuidas teha? Kuidas F500 kokku panna Kuidas F500 kasutada https:\/\/youtu.be\/avIrtXp8kc0https:\/\/youtu.be\/HLZqPcc36f0 Kuidas oma Hizero F500 p\u00e4rast kasutamist puhastada Kuidas hooldada F500 | Rutiinne hooldus https:\/\/youtu.be\/IOkZRt7I_L4https:\/\/youtu.be\/5tLHUCe4nNM Kuidas hooldada F500 | M\u00e4\u00e4rdunud veetoru filtri puhastamine Kuidas hooldada F500 | Metallfiltri paigaldamine Kuidas hooldada F500 | Kaabitsa vahetamine\" \/>\n<meta property=\"og:url\" content=\"https:\/\/hizero.ee\/lt\/kuidas-teha\/\" \/>\n<meta property=\"og:site_name\" content=\"Hizero\" \/>\n<meta property=\"article:modified_time\" content=\"2024-10-22T06:27:51+00:00\" \/>\n<meta name=\"twitter:card\" content=\"summary_large_image\" \/>\n<meta name=\"twitter:label1\" content=\"Est. reading time\" \/>\n\t<meta name=\"twitter:data1\" content=\"1 minut\u0117\" \/>\n<script type=\"application\/ld+json\" class=\"yoast-schema-graph\">{\"@context\":\"https:\/\/schema.org\",\"@graph\":[{\"@type\":\"WebPage\",\"@id\":\"https:\/\/hizero.ee\/kuidas-teha\/\",\"url\":\"https:\/\/hizero.ee\/kuidas-teha\/\",\"name\":\"Kuidas teha - Hizero\",\"isPartOf\":{\"@id\":\"https:\/\/hizero.ee\/#website\"},\"datePublished\":\"2024-08-13T08:26:39+00:00\",\"dateModified\":\"2024-10-22T06:27:51+00:00\",\"breadcrumb\":{\"@id\":\"https:\/\/hizero.ee\/kuidas-teha\/#breadcrumb\"},\"inLanguage\":\"lt-LT\",\"potentialAction\":[{\"@type\":\"ReadAction\",\"target\":[\"https:\/\/hizero.ee\/kuidas-teha\/\"]}]},{\"@type\":\"BreadcrumbList\",\"@id\":\"https:\/\/hizero.ee\/kuidas-teha\/#breadcrumb\",\"itemListElement\":[{\"@type\":\"ListItem\",\"position\":1,\"name\":\"Home\",\"item\":\"https:\/\/hizero.ee\/\"},{\"@type\":\"ListItem\",\"position\":2,\"name\":\"Kuidas teha\"}]},{\"@type\":\"WebSite\",\"@id\":\"https:\/\/hizero.ee\/#website\",\"url\":\"https:\/\/hizero.ee\/\",\"name\":\"Hizero.ee\",\"description\":\"Erakordne j\u00f5udlus. Lihtne hooldus.\",\"publisher\":{\"@id\":\"https:\/\/hizero.ee\/#organization\"},\"potentialAction\":[{\"@type\":\"SearchAction\",\"target\":{\"@type\":\"EntryPoint\",\"urlTemplate\":\"https:\/\/hizero.ee\/?s={search_term_string}\"},\"query-input\":{\"@type\":\"PropertyValueSpecification\",\"valueRequired\":true,\"valueName\":\"search_term_string\"}}],\"inLanguage\":\"lt-LT\"},{\"@type\":\"Organization\",\"@id\":\"https:\/\/hizero.ee\/#organization\",\"name\":\"Hizero.ee\",\"url\":\"https:\/\/hizero.ee\/\",\"logo\":{\"@type\":\"ImageObject\",\"inLanguage\":\"lt-LT\",\"@id\":\"https:\/\/hizero.ee\/#\/schema\/logo\/image\/\",\"url\":\"https:\/\/hizero.ee\/wp-content\/uploads\/2024\/11\/Hizero-logo-uus.png\",\"contentUrl\":\"https:\/\/hizero.ee\/wp-content\/uploads\/2024\/11\/Hizero-logo-uus.png\",\"width\":1744,\"height\":456,\"caption\":\"Hizero.ee\"},\"image\":{\"@id\":\"https:\/\/hizero.ee\/#\/schema\/logo\/image\/\"}}]}<\/script>\n<!-- \/ Yoast SEO plugin. -->","yoast_head_json":{"title":"Kuidas teha - Hizero","robots":{"index":"index","follow":"follow","max-snippet":"max-snippet:-1","max-image-preview":"max-image-preview:large","max-video-preview":"max-video-preview:-1"},"canonical":"https:\/\/hizero.ee\/lt\/kuidas-teha\/","og_locale":"lt_LT","og_type":"article","og_title":"Kuidas teha - Hizero","og_description":"Kuidas teha? Kuidas F500 kokku panna Kuidas F500 kasutada https:\/\/youtu.be\/avIrtXp8kc0https:\/\/youtu.be\/HLZqPcc36f0 Kuidas oma Hizero F500 p\u00e4rast kasutamist puhastada Kuidas hooldada F500 | Rutiinne hooldus https:\/\/youtu.be\/IOkZRt7I_L4https:\/\/youtu.be\/5tLHUCe4nNM Kuidas hooldada F500 | M\u00e4\u00e4rdunud veetoru filtri puhastamine Kuidas hooldada F500 | Metallfiltri paigaldamine Kuidas hooldada F500 | Kaabitsa vahetamine","og_url":"https:\/\/hizero.ee\/lt\/kuidas-teha\/","og_site_name":"Hizero","article_modified_time":"2024-10-22T06:27:51+00:00","twitter_card":"summary_large_image","twitter_misc":{"Est. reading time":"1 minut\u0117"},"schema":{"@context":"https:\/\/schema.org","@graph":[{"@type":"WebPage","@id":"https:\/\/hizero.ee\/kuidas-teha\/","url":"https:\/\/hizero.ee\/kuidas-teha\/","name":"Kuidas teha - Hizero","isPartOf":{"@id":"https:\/\/hizero.ee\/#website"},"datePublished":"2024-08-13T08:26:39+00:00","dateModified":"2024-10-22T06:27:51+00:00","breadcrumb":{"@id":"https:\/\/hizero.ee\/kuidas-teha\/#breadcrumb"},"inLanguage":"lt-LT","potentialAction":[{"@type":"ReadAction","target":["https:\/\/hizero.ee\/kuidas-teha\/"]}]},{"@type":"BreadcrumbList","@id":"https:\/\/hizero.ee\/kuidas-teha\/#breadcrumb","itemListElement":[{"@type":"ListItem","position":1,"name":"Home","item":"https:\/\/hizero.ee\/"},{"@type":"ListItem","position":2,"name":"Kuidas teha"}]},{"@type":"WebSite","@id":"https:\/\/hizero.ee\/#website","url":"https:\/\/hizero.ee\/","name":"Hizero.ee","description":"Erakordne j\u00f5udlus. Lihtne hooldus.","publisher":{"@id":"https:\/\/hizero.ee\/#organization"},"potentialAction":[{"@type":"SearchAction","target":{"@type":"EntryPoint","urlTemplate":"https:\/\/hizero.ee\/?s={search_term_string}"},"query-input":{"@type":"PropertyValueSpecification","valueRequired":true,"valueName":"search_term_string"}}],"inLanguage":"lt-LT"},{"@type":"Organization","@id":"https:\/\/hizero.ee\/#organization","name":"Hizero.ee","url":"https:\/\/hizero.ee\/","logo":{"@type":"ImageObject","inLanguage":"lt-LT","@id":"https:\/\/hizero.ee\/#\/schema\/logo\/image\/","url":"https:\/\/hizero.ee\/wp-content\/uploads\/2024\/11\/Hizero-logo-uus.png","contentUrl":"https:\/\/hizero.ee\/wp-content\/uploads\/2024\/11\/Hizero-logo-uus.png","width":1744,"height":456,"caption":"Hizero.ee"},"image":{"@id":"https:\/\/hizero.ee\/#\/schema\/logo\/image\/"}}]}},"_links":{"self":[{"href":"https:\/\/hizero.ee\/lt\/wp-json\/wp\/v2\/pages\/1705","targetHints":{"allow":["GET"]}}],"collection":[{"href":"https:\/\/hizero.ee\/lt\/wp-json\/wp\/v2\/pages"}],"about":[{"href":"https:\/\/hizero.ee\/lt\/wp-json\/wp\/v2\/types\/page"}],"author":[{"embeddable":true,"href":"https:\/\/hizero.ee\/lt\/wp-json\/wp\/v2\/users\/3"}],"replies":[{"embeddable":true,"href":"https:\/\/hizero.ee\/lt\/wp-json\/wp\/v2\/comments?post=1705"}],"version-history":[{"count":55,"href":"https:\/\/hizero.ee\/lt\/wp-json\/wp\/v2\/pages\/1705\/revisions"}],"predecessor-version":[{"id":2412,"href":"https:\/\/hizero.ee\/lt\/wp-json\/wp\/v2\/pages\/1705\/revisions\/2412"}],"wp:attachment":[{"href":"https:\/\/hizero.ee\/lt\/wp-json\/wp\/v2\/media?parent=1705"}],"curies":[{"name":"wp","href":"https:\/\/api.w.org\/{rel}","templated":true}]}}