{"id":3,"date":"2024-07-30T12:14:57","date_gmt":"2024-07-30T12:14:57","guid":{"rendered":"https:\/\/hizero.ee\/?page_id=3"},"modified":"2024-08-09T13:03:34","modified_gmt":"2024-08-09T10:03:34","slug":"privaatsuspoliitika","status":"publish","type":"page","link":"https:\/\/hizero.ee\/lt\/privaatsuspoliitika\/","title":{"rendered":"Privatumo politika"},"content":{"rendered":"<p><strong>1. Bendrosios nuostatos<\/strong><\/p>\n\n\n\n<p>1.1. \u0160i privatumo politika reglamentuoja asmens duomen\u0173 rinkimo, tvarkymo ir saugojimo principus. Asmens duomenis renka, tvarko ir saugo asmens duomen\u0173 valdytojas \u201eLux Eesti O\u00dc\u201c (toliau \u2013 Duomen\u0173 tvarkytojas).<\/p>\n\n\n\n<p>1.2. Duomen\u0173 subjektas Privatumo politikos tikslais yra klientas arba kitas fizinis asmuo, kurio asmens duomenis tvarko Duomen\u0173 tvarkytojas.<\/p>\n\n\n\n<p>1.3. Klientas Privatumo politikos tikslais yra bet kuris asmuo, perkantis prekes ar paslaugas Duomen\u0173 tvarkytojo svetain\u0117je.<\/p>\n\n\n\n<p>1.4. Duomen\u0173 tvarkytojas laikosi teis\u0117s aktuose nustatyt\u0173 duomen\u0173 tvarkymo princip\u0173, \u012fskaitant Duomen\u0173 tvarkytojo asmens duomen\u0173 tvarkym\u0105 teis\u0117tu, s\u0105\u017einingu ir saugiu b\u016bdu. Duomen\u0173 tvarkytojas gali patvirtinti, kad asmens duomenys buvo tvarkomi laikantis teis\u0117s akt\u0173 nuostat\u0173.<\/p>\n\n\n\n<p><strong>2. Asmens duomen\u0173 rinkimas, tvarkymas ir saugojimas<\/strong><\/p>\n\n\n\n<p>2.1. Asmens duomenys, kuriuos Duomen\u0173 tvarkytojas renka, tvarko ir saugo, renkami elektroniniu b\u016bdu, daugiausia per svetain\u0119 ir el. pa\u0161t\u0105.<\/p>\n\n\n\n<p>2.2. Pateikdamas savo asmens duomenis, duomen\u0173 subjektas suteikia duomen\u0173 tvarkytojui teis\u0119 rinkti, tvarkyti, naudoti ir valdyti asmens duomenis, kuriais duomen\u0173 subjektas dalijasi su duomen\u0173 tvarkytoju privatumo politikoje nurodytais tikslais, kuriuos duomen\u0173 subjektas tiesiogiai ar netiesiogiai dalijasi su duomen\u0173 tvarkytoju pirkdamas prekes ar paslaugas svetain\u0117je.<\/p>\n\n\n\n<p>2.3. Duomen\u0173 subjektas yra atsakingas u\u017e tai, kad jo pateikti duomenys b\u016bt\u0173 tiksl\u016bs, teisingi ir i\u0161sam\u016bs. S\u0105moningai melaging\u0173 duomen\u0173 pateikimas laikomas privatumo politikos pa\u017eeidimu. Duomen\u0173 subjektas privalo nedelsdamas prane\u0161ti duomen\u0173 tvarkytojui apie bet kokius pateikt\u0173 duomen\u0173 pasikeitimus.<\/p>\n\n\n\n<p>2.4. Duomen\u0173 tvarkytojas neatsako u\u017e joki\u0105 \u017eal\u0105, kuri\u0105 duomen\u0173 subjektas ar tretieji asmenys patyr\u0117 pateikdamas melagingus duomenis.<\/p>\n\n\n\n<p><strong>3. Klient\u0173 asmens duomen\u0173 tvarkymas<\/strong><\/p>\n\n\n\n<p>3.1. Duomen\u0173 tvarkytojas gali tvarkyti \u0161iuos duomen\u0173 subjekto asmens duomenis:<\/p>\n\n\n\n<p>3.1.1. Vardas ir pavard\u0117;<\/p>\n\n\n\n<p>3.1.2. Telefono numeris;<\/p>\n\n\n\n<p>3.1.3. El. pa\u0161to adresas;<\/p>\n\n\n\n<p>3.1.4. Pristatymo adresas;<\/p>\n\n\n\n<p>3.1.5. Banko s\u0105skaitos numeris;<\/p>\n\n\n\n<p>3.1.6. Mok\u0117jimo kortel\u0117s duomenys;<\/p>\n\n\n\n<p>3.2. Be to, kas i\u0161d\u0117styta pirmiau, duomen\u0173 tvarkytojas turi teis\u0119 rinkti duomenis apie klient\u0105, kurie yra vie\u0161uosiuose registruose.<\/p>\n\n\n\n<p>3.3. Asmens duomen\u0173 tvarkymo teisinis pagrindas yra Bendrojo duomen\u0173 apsaugos reglamento 6 straipsnio 1 dalies a, b, c ir f punktai:<\/p>\n\n\n\n<p>a) duomen\u0173 subjektas dav\u0117 sutikim\u0105 tvarkyti jo asmens duomenis vienu ar keliais konkre\u010diais tikslais;<\/p>\n\n\n\n<p>b) asmens duomenis tvarkyti b\u016btina siekiant \u012fvykdyti su duomen\u0173 subjektu sudaryt\u0105 sutart\u012f arba imtis veiksm\u0173 prie\u0161 sudarant sutart\u012f duomen\u0173 subjekto pra\u0161ymu;<\/p>\n\n\n\n<p>c) asmens duomenis tvarkyti b\u016btina siekiant \u012fvykdyti duomen\u0173 valdytojo teisin\u0119 prievol\u0119;<\/p>\n\n\n\n<p>f) asmens duomen\u0173 tvarkymas yra b\u016btinas d\u0117l teis\u0117t\u0173 duomen\u0173 valdytojo ar tre\u010diosios \u0161alies interes\u0173, nebent tokius interesus vir\u0161esni duomen\u0173 subjekto interesai ar pagrindin\u0117s teis\u0117s ir laisv\u0117s, kuri\u0173 interesais turi b\u016bti apsaugoti asmens duomenys, ypa\u010d kai duomen\u0173 subjektas yra vaikas.<\/p>\n\n\n\n<p>3.4. Asmens duomen\u0173 tvarkymas pagal tvarkymo tiksl\u0105:<\/p>\n\n\n\n<p>3.4.1. Tvarkymo tikslas \u2013 u\u017esakym\u0173 vykdymas<br>Maksimalus asmens duomen\u0173 saugojimo laikotarpis \u2013 laikantis \u012fstatyme nustatyt\u0173 termin\u0173<\/p>\n\n\n\n<p>3.4.2. Tvarkymo tikslas \u2013 internetin\u0117s parduotuv\u0117s paslaug\u0173 veikimo u\u017etikrinimas<br>Maksimalus asmens duomen\u0173 saugojimo laikotarpis \u2013 laikantis \u012fstatyme nustatyt\u0173 termin\u0173<\/p>\n\n\n\n<p>3.4.3. Tvarkymo tikslas \u2013 klient\u0173 valdymas<br>Maksimalus asmens duomen\u0173 saugojimo laikotarpis \u2013 laikantis \u012fstatyme nustatyt\u0173 termin\u0173<\/p>\n\n\n\n<p>3.4.4. Tvarkymo tikslas \u2013 finansin\u0117 veikla, apskaita<br>Maksimalus asmens duomen\u0173 saugojimo laikotarpis \u2013 laikantis \u012fstatyme nustatyt\u0173 termin\u0173<\/p>\n\n\n\n<p>3.4.5. Tvarkymo tikslas \u2013 rinkodara<br>Maksimalus asmens duomen\u0173 saugojimo laikotarpis \u2013 laikantis \u012fstatyme nustatyt\u0173 termin\u0173<\/p>\n\n\n\n<p>3.5. Duomen\u0173 tvarkytojas turi teis\u0119 dalytis klient\u0173 asmens duomenimis su tre\u010diosiomis \u0161alimis, tokiomis kaip \u012fgalioti duomen\u0173 tvarkytojai, buhalteriai, transporto ir kurjeri\u0173 \u012fmon\u0117s, \u012fmon\u0117s, teikian\u010dios pervedimo paslaugas. Duomen\u0173 tvarkytojas yra asmens duomen\u0173 valdytojas. Duomen\u0173 tvarkytojas perduoda \u012fgaliotam tvarkytojui UAB \u201eMontonio Finance\u201c asmens duomenis, reikalingus mok\u0117jimams atlikti.<\/p>\n\n\n\n<p>3.6. Tvarkydamas ir saugodamas duomen\u0173 subjekto asmens duomenis, duomen\u0173 tvarkytojas taiko organizacines ir technines priemones, kurios u\u017etikrina asmens duomen\u0173 apsaug\u0105 nuo atsitiktinio ar neteis\u0117to sunaikinimo, pakeitimo, atskleidimo ir bet kokio kito neteis\u0117to tvarkymo.<\/p>\n\n\n\n<p>3.7. Duomen\u0173 tvarkytojas saugo duomen\u0173 subjekt\u0173 duomenis priklausomai nuo tvarkymo tikslo, bet ne ilgiau kaip 7 metus.<\/p>\n\n\n\n<p><strong>4. Duomen\u0173 subjekto teis\u0117s<\/strong><\/p>\n\n\n\n<p>4.1. Duomen\u0173 subjektas turi teis\u0119 susipa\u017einti su savo asmens duomenimis.<\/p>\n\n\n\n<p>4.2. Duomen\u0173 subjektas turi teis\u0119 gauti informacij\u0105 apie savo asmens duomen\u0173 tvarkym\u0105.<\/p>\n\n\n\n<p>4.3. Duomen\u0173 subjektas turi teis\u0119 papildyti arba i\u0161taisyti netikslius duomenis.<\/p>\n\n\n\n<p>4.4. Jei duomen\u0173 tvarkytojas tvarko duomen\u0173 subjekto asmens duomenis remdamasis duomen\u0173 subjekto sutikimu, duomen\u0173 subjektas turi teis\u0119 bet kuriuo metu at\u0161aukti sutikim\u0105.<\/p>\n\n\n\n<p>4.5. Nor\u0117damas pasinaudoti savo teis\u0117mis, duomen\u0173 subjektas gali susisiekti su el. parduotuv\u0117s klient\u0173 aptarnavimo tarnyba el. pa\u0161tu info@hizero.ee.<\/p>\n\n\n\n<p>4.6. Duomen\u0173 subjektas gali pateikti skund\u0105 Duomen\u0173 apsaugos inspekcijai, kad apsaugot\u0173 savo teises.<\/p>\n\n\n\n<p><strong>5. Baigiamosios nuostatos<\/strong><\/p>\n\n\n\n<p>5.1. \u0160ios duomen\u0173 apsaugos s\u0105lygos parengtos vadovaujantis Europos Parlamento ir Tarybos reglamentu (ES) Nr. 2016\/679 d\u0117l fizini\u0173 asmen\u0173 apsaugos tvarkant asmens duomenis ir d\u0117l laisvo toki\u0173 duomen\u0173 jud\u0117jimo, kuriuo panaikinama Direktyva 95\/46\/EB (Bendrasis duomen\u0173 apsaugos reglamentas), Estijos Respublikos asmens duomen\u0173 apsaugos \u012fstatymu ir Estijos Respublikos bei Europos S\u0105jungos teis\u0117s aktais.<\/p>\n\n\n\n<p>5.2. Duomen\u0173 tvarkytojas turi teis\u0119 i\u0161 dalies arba visi\u0161kai pakeisti duomen\u0173 apsaugos s\u0105lygas, apie pakeitimus prane\u0161damas duomen\u0173 subjektams svetain\u0117je www.hizero.ee.<\/p>","protected":false},"excerpt":{"rendered":"<p>1. \u00dclds\u00e4tted 1.1. K\u00e4esolev privaatsuspoliitika reguleerib isikuandmete kogumist, t\u00f6\u00f6tlemist ja s\u00e4ilitamist k\u00e4sitlevaid p\u00f5him\u00f5tteid. Isikuandmeid kogub t\u00f6\u00f6tleb ja s\u00e4ilitab isikuandmete vastutav t\u00f6\u00f6tleja Lux Eesti O\u00dc (edaspidi andmet\u00f6\u00f6tleja). 1.2. Andmesubjekt privaatsuspoliitika t\u00e4henduses on klient v\u00f5i muu f\u00fc\u00fcsiline isik, kelle isikuandmeid andmet\u00f6\u00f6tleja t\u00f6\u00f6tleb. 1.3. Klient privaatsuspoliitika t\u00e4henduses on iga\u00fcks, kes ostab andmet\u00f6\u00f6tleja kodulehelt kaupu v\u00f5i teenuseid. 1.4. Andmet\u00f6\u00f6tleja [&hellip;]<\/p>","protected":false},"author":1,"featured_media":0,"parent":0,"menu_order":0,"comment_status":"closed","ping_status":"closed","template":"","meta":{"footnotes":""},"class_list":["post-3","page","type-page","status-publish","hentry"],"yoast_head":"<!-- This site is optimized with the Yoast SEO plugin v25.8 - https:\/\/yoast.com\/wordpress\/plugins\/seo\/ -->\n<title>Privaatsuspoliitika - Hizero<\/title>\n<meta name=\"robots\" content=\"index, follow, max-snippet:-1, max-image-preview:large, max-video-preview:-1\" \/>\n<link rel=\"canonical\" href=\"https:\/\/hizero.ee\/lt\/privaatsuspoliitika\/\" \/>\n<meta property=\"og:locale\" content=\"lt_LT\" \/>\n<meta property=\"og:type\" content=\"article\" \/>\n<meta property=\"og:title\" content=\"Privaatsuspoliitika - Hizero\" \/>\n<meta property=\"og:description\" content=\"1. \u00dclds\u00e4tted 1.1. K\u00e4esolev privaatsuspoliitika reguleerib isikuandmete kogumist, t\u00f6\u00f6tlemist ja s\u00e4ilitamist k\u00e4sitlevaid p\u00f5him\u00f5tteid. Isikuandmeid kogub t\u00f6\u00f6tleb ja s\u00e4ilitab isikuandmete vastutav t\u00f6\u00f6tleja Lux Eesti O\u00dc (edaspidi andmet\u00f6\u00f6tleja). 1.2. Andmesubjekt privaatsuspoliitika t\u00e4henduses on klient v\u00f5i muu f\u00fc\u00fcsiline isik, kelle isikuandmeid andmet\u00f6\u00f6tleja t\u00f6\u00f6tleb. 1.3. Klient privaatsuspoliitika t\u00e4henduses on iga\u00fcks, kes ostab andmet\u00f6\u00f6tleja kodulehelt kaupu v\u00f5i teenuseid. 1.4. Andmet\u00f6\u00f6tleja [&hellip;]\" \/>\n<meta property=\"og:url\" content=\"https:\/\/hizero.ee\/lt\/privaatsuspoliitika\/\" \/>\n<meta property=\"og:site_name\" content=\"Hizero\" \/>\n<meta property=\"article:modified_time\" content=\"2024-08-09T10:03:34+00:00\" \/>\n<meta name=\"twitter:card\" content=\"summary_large_image\" \/>\n<meta name=\"twitter:label1\" content=\"Est. reading time\" \/>\n\t<meta name=\"twitter:data1\" content=\"4 minut\u0117s\" \/>\n<script type=\"application\/ld+json\" class=\"yoast-schema-graph\">{\"@context\":\"https:\/\/schema.org\",\"@graph\":[{\"@type\":\"WebPage\",\"@id\":\"https:\/\/hizero.ee\/privaatsuspoliitika\/\",\"url\":\"https:\/\/hizero.ee\/privaatsuspoliitika\/\",\"name\":\"Privaatsuspoliitika - Hizero\",\"isPartOf\":{\"@id\":\"https:\/\/hizero.ee\/#website\"},\"datePublished\":\"2024-07-30T12:14:57+00:00\",\"dateModified\":\"2024-08-09T10:03:34+00:00\",\"breadcrumb\":{\"@id\":\"https:\/\/hizero.ee\/privaatsuspoliitika\/#breadcrumb\"},\"inLanguage\":\"lt-LT\",\"potentialAction\":[{\"@type\":\"ReadAction\",\"target\":[\"https:\/\/hizero.ee\/privaatsuspoliitika\/\"]}]},{\"@type\":\"BreadcrumbList\",\"@id\":\"https:\/\/hizero.ee\/privaatsuspoliitika\/#breadcrumb\",\"itemListElement\":[{\"@type\":\"ListItem\",\"position\":1,\"name\":\"Home\",\"item\":\"https:\/\/hizero.ee\/\"},{\"@type\":\"ListItem\",\"position\":2,\"name\":\"Privaatsuspoliitika\"}]},{\"@type\":\"WebSite\",\"@id\":\"https:\/\/hizero.ee\/#website\",\"url\":\"https:\/\/hizero.ee\/\",\"name\":\"Hizero.ee\",\"description\":\"Erakordne j\u00f5udlus. Lihtne hooldus.\",\"publisher\":{\"@id\":\"https:\/\/hizero.ee\/#organization\"},\"potentialAction\":[{\"@type\":\"SearchAction\",\"target\":{\"@type\":\"EntryPoint\",\"urlTemplate\":\"https:\/\/hizero.ee\/?s={search_term_string}\"},\"query-input\":{\"@type\":\"PropertyValueSpecification\",\"valueRequired\":true,\"valueName\":\"search_term_string\"}}],\"inLanguage\":\"lt-LT\"},{\"@type\":\"Organization\",\"@id\":\"https:\/\/hizero.ee\/#organization\",\"name\":\"Hizero.ee\",\"url\":\"https:\/\/hizero.ee\/\",\"logo\":{\"@type\":\"ImageObject\",\"inLanguage\":\"lt-LT\",\"@id\":\"https:\/\/hizero.ee\/#\/schema\/logo\/image\/\",\"url\":\"https:\/\/hizero.ee\/wp-content\/uploads\/2024\/11\/Hizero-logo-uus.png\",\"contentUrl\":\"https:\/\/hizero.ee\/wp-content\/uploads\/2024\/11\/Hizero-logo-uus.png\",\"width\":1744,\"height\":456,\"caption\":\"Hizero.ee\"},\"image\":{\"@id\":\"https:\/\/hizero.ee\/#\/schema\/logo\/image\/\"}}]}<\/script>\n<!-- \/ Yoast SEO plugin. -->","yoast_head_json":{"title":"Privaatsuspoliitika - Hizero","robots":{"index":"index","follow":"follow","max-snippet":"max-snippet:-1","max-image-preview":"max-image-preview:large","max-video-preview":"max-video-preview:-1"},"canonical":"https:\/\/hizero.ee\/lt\/privaatsuspoliitika\/","og_locale":"lt_LT","og_type":"article","og_title":"Privaatsuspoliitika - Hizero","og_description":"1. \u00dclds\u00e4tted 1.1. K\u00e4esolev privaatsuspoliitika reguleerib isikuandmete kogumist, t\u00f6\u00f6tlemist ja s\u00e4ilitamist k\u00e4sitlevaid p\u00f5him\u00f5tteid. Isikuandmeid kogub t\u00f6\u00f6tleb ja s\u00e4ilitab isikuandmete vastutav t\u00f6\u00f6tleja Lux Eesti O\u00dc (edaspidi andmet\u00f6\u00f6tleja). 1.2. Andmesubjekt privaatsuspoliitika t\u00e4henduses on klient v\u00f5i muu f\u00fc\u00fcsiline isik, kelle isikuandmeid andmet\u00f6\u00f6tleja t\u00f6\u00f6tleb. 1.3. Klient privaatsuspoliitika t\u00e4henduses on iga\u00fcks, kes ostab andmet\u00f6\u00f6tleja kodulehelt kaupu v\u00f5i teenuseid. 1.4. Andmet\u00f6\u00f6tleja [&hellip;]","og_url":"https:\/\/hizero.ee\/lt\/privaatsuspoliitika\/","og_site_name":"Hizero","article_modified_time":"2024-08-09T10:03:34+00:00","twitter_card":"summary_large_image","twitter_misc":{"Est. reading time":"4 minut\u0117s"},"schema":{"@context":"https:\/\/schema.org","@graph":[{"@type":"WebPage","@id":"https:\/\/hizero.ee\/privaatsuspoliitika\/","url":"https:\/\/hizero.ee\/privaatsuspoliitika\/","name":"Privaatsuspoliitika - Hizero","isPartOf":{"@id":"https:\/\/hizero.ee\/#website"},"datePublished":"2024-07-30T12:14:57+00:00","dateModified":"2024-08-09T10:03:34+00:00","breadcrumb":{"@id":"https:\/\/hizero.ee\/privaatsuspoliitika\/#breadcrumb"},"inLanguage":"lt-LT","potentialAction":[{"@type":"ReadAction","target":["https:\/\/hizero.ee\/privaatsuspoliitika\/"]}]},{"@type":"BreadcrumbList","@id":"https:\/\/hizero.ee\/privaatsuspoliitika\/#breadcrumb","itemListElement":[{"@type":"ListItem","position":1,"name":"Home","item":"https:\/\/hizero.ee\/"},{"@type":"ListItem","position":2,"name":"Privaatsuspoliitika"}]},{"@type":"WebSite","@id":"https:\/\/hizero.ee\/#website","url":"https:\/\/hizero.ee\/","name":"Hizero.ee","description":"Erakordne j\u00f5udlus. Lihtne hooldus.","publisher":{"@id":"https:\/\/hizero.ee\/#organization"},"potentialAction":[{"@type":"SearchAction","target":{"@type":"EntryPoint","urlTemplate":"https:\/\/hizero.ee\/?s={search_term_string}"},"query-input":{"@type":"PropertyValueSpecification","valueRequired":true,"valueName":"search_term_string"}}],"inLanguage":"lt-LT"},{"@type":"Organization","@id":"https:\/\/hizero.ee\/#organization","name":"Hizero.ee","url":"https:\/\/hizero.ee\/","logo":{"@type":"ImageObject","inLanguage":"lt-LT","@id":"https:\/\/hizero.ee\/#\/schema\/logo\/image\/","url":"https:\/\/hizero.ee\/wp-content\/uploads\/2024\/11\/Hizero-logo-uus.png","contentUrl":"https:\/\/hizero.ee\/wp-content\/uploads\/2024\/11\/Hizero-logo-uus.png","width":1744,"height":456,"caption":"Hizero.ee"},"image":{"@id":"https:\/\/hizero.ee\/#\/schema\/logo\/image\/"}}]}},"_links":{"self":[{"href":"https:\/\/hizero.ee\/lt\/wp-json\/wp\/v2\/pages\/3","targetHints":{"allow":["GET"]}}],"collection":[{"href":"https:\/\/hizero.ee\/lt\/wp-json\/wp\/v2\/pages"}],"about":[{"href":"https:\/\/hizero.ee\/lt\/wp-json\/wp\/v2\/types\/page"}],"author":[{"embeddable":true,"href":"https:\/\/hizero.ee\/lt\/wp-json\/wp\/v2\/users\/1"}],"replies":[{"embeddable":true,"href":"https:\/\/hizero.ee\/lt\/wp-json\/wp\/v2\/comments?post=3"}],"version-history":[{"count":2,"href":"https:\/\/hizero.ee\/lt\/wp-json\/wp\/v2\/pages\/3\/revisions"}],"predecessor-version":[{"id":1502,"href":"https:\/\/hizero.ee\/lt\/wp-json\/wp\/v2\/pages\/3\/revisions\/1502"}],"wp:attachment":[{"href":"https:\/\/hizero.ee\/lt\/wp-json\/wp\/v2\/media?parent=3"}],"curies":[{"name":"wp","href":"https:\/\/api.w.org\/{rel}","templated":true}]}}