{"id":502,"date":"2024-08-05T15:09:18","date_gmt":"2024-08-05T12:09:18","guid":{"rendered":"https:\/\/hizero.ee\/ostukorv\/"},"modified":"2024-08-16T23:33:07","modified_gmt":"2024-08-16T20:33:07","slug":"ostukorv","status":"publish","type":"page","link":"https:\/\/hizero.ee\/lt\/ostukorv\/","title":{"rendered":"Pirkini\u0173 krep\u0161elis"},"content":{"rendered":"<div data-block-name=\"woocommerce\/cart\" class=\"wp-block-woocommerce-cart alignwide is-loading\">\n<div data-block-name=\"woocommerce\/filled-cart-block\" class=\"wp-block-woocommerce-filled-cart-block\">\n<div data-block-name=\"woocommerce\/cart-items-block\" class=\"wp-block-woocommerce-cart-items-block\">\n<div data-block-name=\"woocommerce\/cart-line-items-block\" class=\"wp-block-woocommerce-cart-line-items-block\"><\/div>\n\n\n\n<div data-block-name=\"woocommerce\/cart-cross-sells-block\" class=\"wp-block-woocommerce-cart-cross-sells-block\">\n<h2 class=\"wp-block-heading has-large-font-size\">Sa v\u00f5id olla huvitatud ka&#8230;<\/h2>\n\n\n\n<div data-block-name=\"woocommerce\/cart-cross-sells-products-block\" class=\"wp-block-woocommerce-cart-cross-sells-products-block\"><\/div>\n<\/div>\n<\/div>\n\n\n\n<div data-block-name=\"woocommerce\/cart-totals-block\" class=\"wp-block-woocommerce-cart-totals-block\">\n<div data-block-name=\"woocommerce\/cart-order-summary-block\" class=\"wp-block-woocommerce-cart-order-summary-block\">\n<div data-block-name=\"woocommerce\/cart-order-summary-heading-block\" class=\"wp-block-woocommerce-cart-order-summary-heading-block\"><\/div><div data-block-name=\"woocommerce\/cart-order-summary-coupon-form-block\" class=\"wp-block-woocommerce-cart-order-summary-coupon-form-block\"><\/div><div data-block-name=\"woocommerce\/cart-order-summary-totals-block\" class=\"wp-block-woocommerce-cart-order-summary-totals-block\">\n<div data-block-name=\"woocommerce\/cart-order-summary-subtotal-block\" class=\"wp-block-woocommerce-cart-order-summary-subtotal-block\"><\/div>\n<div data-block-name=\"woocommerce\/cart-order-summary-discount-block\" class=\"wp-block-woocommerce-cart-order-summary-discount-block\"><\/div>\n<div data-block-name=\"woocommerce\/cart-order-summary-fee-block\" class=\"wp-block-woocommerce-cart-order-summary-fee-block\"><\/div>\n<div data-block-name=\"woocommerce\/cart-order-summary-shipping-block\" class=\"wp-block-woocommerce-cart-order-summary-shipping-block\"><\/div>\n<div data-block-name=\"woocommerce\/cart-order-summary-taxes-block\" class=\"wp-block-woocommerce-cart-order-summary-taxes-block\"><\/div><\/div>\n<\/div>\n\n\n\n<div data-block-name=\"woocommerce\/cart-express-payment-block\" class=\"wp-block-woocommerce-cart-express-payment-block\"><\/div>\n\n\n\n<div data-block-name=\"woocommerce\/proceed-to-checkout-block\" class=\"wp-block-woocommerce-proceed-to-checkout-block\"><\/div>\n\n\n\n<div data-block-name=\"woocommerce\/cart-accepted-payment-methods-block\" class=\"wp-block-woocommerce-cart-accepted-payment-methods-block\"><\/div>\n<\/div>\n<\/div>\n\n\n\n<div data-block-name=\"woocommerce\/empty-cart-block\" class=\"wp-block-woocommerce-empty-cart-block\">\n<h2 class=\"wp-block-heading has-text-align-center with-empty-cart-icon wc-block-cart__empty-cart__title\">Su ostukorv on hetkel t\u00fchi!<\/h2>\n\n\n\n<hr class=\"wp-block-separator has-alpha-channel-opacity is-style-dots\"\/>\n\n\n\n<h2 class=\"wp-block-heading has-text-align-center\">New in store<\/h2>\n\n\n<div data-block-name=\"woocommerce\/product-new\" data-columns=\"4\" data-rows=\"1\" class=\"wc-block-grid wp-block-product-new wp-block-woocommerce-product-new wc-block-product-new has-4-columns\"><ul class=\"wc-block-grid__products\"><li class=\"wc-block-grid__product\">\n\t\t\t\t<a href=\"https:\/\/hizero.ee\/lt\/pood\/tarvikud\/f500-tarvikud\/harjarulli-puhastaja\/\" class=\"wc-block-grid__product-link\">\n\t\t\t\t\t\n\t\t\t\t\t<div class=\"wc-block-grid__product-image\"><img fetchpriority=\"high\" decoding=\"async\" width=\"300\" height=\"300\" src=\"https:\/\/hizero.ee\/wp-content\/uploads\/2026\/01\/Harjarulli-puhastaja-300x300.jpg\" class=\"attachment-woocommerce_thumbnail size-woocommerce_thumbnail\" alt=\"Harjarulli puhastaja\" srcset=\"https:\/\/hizero.ee\/wp-content\/uploads\/2026\/01\/Harjarulli-puhastaja-300x300.jpg 300w, https:\/\/hizero.ee\/wp-content\/uploads\/2026\/01\/Harjarulli-puhastaja-150x150.jpg 150w, https:\/\/hizero.ee\/wp-content\/uploads\/2026\/01\/Harjarulli-puhastaja-12x12.jpg 12w, https:\/\/hizero.ee\/wp-content\/uploads\/2026\/01\/Harjarulli-puhastaja-75x75.jpg 75w, https:\/\/hizero.ee\/wp-content\/uploads\/2026\/01\/Harjarulli-puhastaja-600x600.jpg 600w, https:\/\/hizero.ee\/wp-content\/uploads\/2026\/01\/Harjarulli-puhastaja-100x100.jpg 100w, https:\/\/hizero.ee\/wp-content\/uploads\/2026\/01\/Harjarulli-puhastaja.jpg 768w\" sizes=\"(max-width: 300px) 100vw, 300px\" \/><\/div>\n\t\t\t\t\t<div class=\"wc-block-grid__product-title\">Harjarulli puhastaja<\/div>\n\t\t\t\t<\/a>\n\t\t\t\t<div class=\"wc-block-grid__product-price price\"><span class=\"woocommerce-Price-amount amount\">14,00&nbsp;<span class=\"woocommerce-Price-currencySymbol\">&euro;<\/span><\/span><\/div>\n\t\t\t\t\n\t\t\t\t<div class=\"wp-block-button wc-block-grid__product-add-to-cart\"><a href=\"\/lt\/wp-json\/wp\/v2\/pages\/502?add-to-cart=3308\" aria-label=\"\u012e krep\u0161el\u012f\" data-quantity=\"1\" data-product_id=\"3308\" data-product_sku=\"\" data-price=\"14\" rel=\"nofollow\" class=\"wp-block-button__link  add_to_cart_button ajax_add_to_cart\" data-no-translation=\"\" data-trp-gettext=\"\" data-no-translation-aria-label=\"\">\u012e krep\u0161el\u012f<\/a><\/div>\n\t\t\t<\/li><li class=\"wc-block-grid__product\">\n\t\t\t\t<a href=\"https:\/\/hizero.ee\/lt\/pood\/tarvikud\/f500-tarvikud\/hizero-f500-kaabits\/\" class=\"wc-block-grid__product-link\">\n\t\t\t\t\t\n\t\t\t\t\t<div class=\"wc-block-grid__product-image\"><img decoding=\"async\" width=\"300\" height=\"300\" src=\"https:\/\/hizero.ee\/wp-content\/uploads\/2025\/12\/TrashWiper-300x300.png\" class=\"attachment-woocommerce_thumbnail size-woocommerce_thumbnail\" alt=\"Hizero F500 kaabits\" srcset=\"https:\/\/hizero.ee\/wp-content\/uploads\/2025\/12\/TrashWiper-300x300.png 300w, https:\/\/hizero.ee\/wp-content\/uploads\/2025\/12\/TrashWiper-150x150.png 150w, https:\/\/hizero.ee\/wp-content\/uploads\/2025\/12\/TrashWiper-12x12.png 12w, https:\/\/hizero.ee\/wp-content\/uploads\/2025\/12\/TrashWiper-75x75.png 75w, https:\/\/hizero.ee\/wp-content\/uploads\/2025\/12\/TrashWiper-100x100.png 100w, https:\/\/hizero.ee\/wp-content\/uploads\/2025\/12\/TrashWiper.png 540w\" sizes=\"(max-width: 300px) 100vw, 300px\" \/><\/div>\n\t\t\t\t\t<div class=\"wc-block-grid__product-title\">Hizero F500 kaabits<\/div>\n\t\t\t\t<\/a>\n\t\t\t\t<div class=\"wc-block-grid__product-price price\"><span class=\"woocommerce-Price-amount amount\">20,00&nbsp;<span class=\"woocommerce-Price-currencySymbol\">&euro;<\/span><\/span><\/div>\n\t\t\t\t\n\t\t\t\t<div class=\"wp-block-button wc-block-grid__product-add-to-cart\"><a href=\"\/lt\/wp-json\/wp\/v2\/pages\/502?add-to-cart=3285\" aria-label=\"\u012e krep\u0161el\u012f\" data-quantity=\"1\" data-product_id=\"3285\" data-product_sku=\"\" data-price=\"20\" rel=\"nofollow\" class=\"wp-block-button__link  add_to_cart_button ajax_add_to_cart\" data-no-translation=\"\" data-trp-gettext=\"\" data-no-translation-aria-label=\"\">\u012e krep\u0161el\u012f<\/a><\/div>\n\t\t\t<\/li><li class=\"wc-block-grid__product\">\n\t\t\t\t<a href=\"https:\/\/hizero.ee\/lt\/pood\/tarvikud\/f500-tarvikud\/hizero-f500-maardunud-vee-paak\/\" class=\"wc-block-grid__product-link\">\n\t\t\t\t\t\n\t\t\t\t\t<div class=\"wc-block-grid__product-image\"><img decoding=\"async\" width=\"300\" height=\"200\" src=\"https:\/\/hizero.ee\/wp-content\/uploads\/2024\/08\/Dirty-Water-Tank-300x200.jpg\" class=\"attachment-woocommerce_thumbnail size-woocommerce_thumbnail\" alt=\"Hizero F500 m\u00e4\u00e4rdunud vee paak\" srcset=\"https:\/\/hizero.ee\/wp-content\/uploads\/2024\/08\/Dirty-Water-Tank-300x200.jpg 300w, https:\/\/hizero.ee\/wp-content\/uploads\/2024\/08\/Dirty-Water-Tank-600x400.jpg 600w, https:\/\/hizero.ee\/wp-content\/uploads\/2024\/08\/Dirty-Water-Tank-1024x683.jpg 1024w, https:\/\/hizero.ee\/wp-content\/uploads\/2024\/08\/Dirty-Water-Tank-768x512.jpg 768w, https:\/\/hizero.ee\/wp-content\/uploads\/2024\/08\/Dirty-Water-Tank.jpg 1200w\" sizes=\"(max-width: 300px) 100vw, 300px\" \/><\/div>\n\t\t\t\t\t<div class=\"wc-block-grid__product-title\">Hizero F500 ne\u0161varaus vandens bakas<\/div>\n\t\t\t\t<\/a>\n\t\t\t\t<div class=\"wc-block-grid__product-price price\"><span class=\"woocommerce-Price-amount amount\">34,50&nbsp;<span class=\"woocommerce-Price-currencySymbol\">&euro;<\/span><\/span><\/div>\n\t\t\t\t\n\t\t\t\t<div class=\"wp-block-button wc-block-grid__product-add-to-cart\"><a href=\"\/lt\/wp-json\/wp\/v2\/pages\/502?add-to-cart=1385\" aria-label=\"\u012e krep\u0161el\u012f\" data-quantity=\"1\" data-product_id=\"1385\" data-product_sku=\"\" data-price=\"34.5\" rel=\"nofollow\" class=\"wp-block-button__link  add_to_cart_button ajax_add_to_cart\" data-no-translation=\"\" data-trp-gettext=\"\" data-no-translation-aria-label=\"\">\u012e krep\u0161el\u012f<\/a><\/div>\n\t\t\t<\/li><li class=\"wc-block-grid__product\">\n\t\t\t\t<a href=\"https:\/\/hizero.ee\/lt\/pood\/tarvikud\/f500-tarvikud\/hizero-f500-puhta-vee-paak\/\" class=\"wc-block-grid__product-link\">\n\t\t\t\t\t\n\t\t\t\t\t<div class=\"wc-block-grid__product-image\"><img loading=\"lazy\" decoding=\"async\" width=\"300\" height=\"392\" src=\"https:\/\/hizero.ee\/wp-content\/uploads\/2024\/08\/Clean-Water-Tank_new-verison-3-300x392.jpg\" class=\"attachment-woocommerce_thumbnail size-woocommerce_thumbnail\" alt=\"Hizero F500 puhta vee paak\" srcset=\"https:\/\/hizero.ee\/wp-content\/uploads\/2024\/08\/Clean-Water-Tank_new-verison-3-300x392.jpg 300w, https:\/\/hizero.ee\/wp-content\/uploads\/2024\/08\/Clean-Water-Tank_new-verison-3-600x785.jpg 600w, https:\/\/hizero.ee\/wp-content\/uploads\/2024\/08\/Clean-Water-Tank_new-verison-3-229x300.jpg 229w, https:\/\/hizero.ee\/wp-content\/uploads\/2024\/08\/Clean-Water-Tank_new-verison-3-783x1024.jpg 783w, https:\/\/hizero.ee\/wp-content\/uploads\/2024\/08\/Clean-Water-Tank_new-verison-3-768x1004.jpg 768w, https:\/\/hizero.ee\/wp-content\/uploads\/2024\/08\/Clean-Water-Tank_new-verison-3.jpg 1160w\" sizes=\"(max-width: 300px) 100vw, 300px\" \/><\/div>\n\t\t\t\t\t<div class=\"wc-block-grid__product-title\">\u201eHizero F500\u201c \u0161varaus vandens bakas<\/div>\n\t\t\t\t<\/a>\n\t\t\t\t<div class=\"wc-block-grid__product-price price\"><span class=\"woocommerce-Price-amount amount\">26,50&nbsp;<span class=\"woocommerce-Price-currencySymbol\">&euro;<\/span><\/span><\/div>\n\t\t\t\t\n\t\t\t\t<div class=\"wp-block-button wc-block-grid__product-add-to-cart\"><a href=\"\/lt\/wp-json\/wp\/v2\/pages\/502?add-to-cart=1381\" aria-label=\"\u012e krep\u0161el\u012f\" data-quantity=\"1\" data-product_id=\"1381\" data-product_sku=\"\" data-price=\"26.5\" rel=\"nofollow\" class=\"wp-block-button__link  add_to_cart_button ajax_add_to_cart\" data-no-translation=\"\" data-trp-gettext=\"\" data-no-translation-aria-label=\"\">\u012e krep\u0161el\u012f<\/a><\/div>\n\t\t\t<\/li><\/ul><\/div><\/div>\n<\/div>","protected":false},"excerpt":{"rendered":"","protected":false},"author":1,"featured_media":0,"parent":0,"menu_order":0,"comment_status":"closed","ping_status":"closed","template":"","meta":{"footnotes":""},"class_list":["post-502","page","type-page","status-publish","hentry"],"yoast_head":"<!-- This site is optimized with the Yoast SEO plugin v25.8 - https:\/\/yoast.com\/wordpress\/plugins\/seo\/ -->\n<title>Ostukorv - Hizero<\/title>\n<meta name=\"robots\" content=\"index, follow, max-snippet:-1, max-image-preview:large, max-video-preview:-1\" \/>\n<link rel=\"canonical\" href=\"https:\/\/hizero.ee\/lt\/ostukorv\/\" \/>\n<meta property=\"og:locale\" content=\"lt_LT\" \/>\n<meta property=\"og:type\" content=\"article\" \/>\n<meta property=\"og:title\" content=\"Ostukorv - Hizero\" \/>\n<meta property=\"og:url\" content=\"https:\/\/hizero.ee\/lt\/ostukorv\/\" \/>\n<meta property=\"og:site_name\" content=\"Hizero\" \/>\n<meta property=\"article:modified_time\" content=\"2024-08-16T20:33:07+00:00\" \/>\n<meta name=\"twitter:card\" content=\"summary_large_image\" \/>\n<script type=\"application\/ld+json\" class=\"yoast-schema-graph\">{\"@context\":\"https:\/\/schema.org\",\"@graph\":[{\"@type\":\"WebPage\",\"@id\":\"https:\/\/hizero.ee\/ostukorv\/\",\"url\":\"https:\/\/hizero.ee\/ostukorv\/\",\"name\":\"Ostukorv - Hizero\",\"isPartOf\":{\"@id\":\"https:\/\/hizero.ee\/#website\"},\"datePublished\":\"2024-08-05T12:09:18+00:00\",\"dateModified\":\"2024-08-16T20:33:07+00:00\",\"breadcrumb\":{\"@id\":\"https:\/\/hizero.ee\/ostukorv\/#breadcrumb\"},\"inLanguage\":\"lt-LT\",\"potentialAction\":[{\"@type\":\"ReadAction\",\"target\":[\"https:\/\/hizero.ee\/ostukorv\/\"]}]},{\"@type\":\"BreadcrumbList\",\"@id\":\"https:\/\/hizero.ee\/ostukorv\/#breadcrumb\",\"itemListElement\":[{\"@type\":\"ListItem\",\"position\":1,\"name\":\"Home\",\"item\":\"https:\/\/hizero.ee\/\"},{\"@type\":\"ListItem\",\"position\":2,\"name\":\"Ostukorv\"}]},{\"@type\":\"WebSite\",\"@id\":\"https:\/\/hizero.ee\/#website\",\"url\":\"https:\/\/hizero.ee\/\",\"name\":\"Hizero.ee\",\"description\":\"Erakordne j\u00f5udlus. Lihtne hooldus.\",\"publisher\":{\"@id\":\"https:\/\/hizero.ee\/#organization\"},\"potentialAction\":[{\"@type\":\"SearchAction\",\"target\":{\"@type\":\"EntryPoint\",\"urlTemplate\":\"https:\/\/hizero.ee\/?s={search_term_string}\"},\"query-input\":{\"@type\":\"PropertyValueSpecification\",\"valueRequired\":true,\"valueName\":\"search_term_string\"}}],\"inLanguage\":\"lt-LT\"},{\"@type\":\"Organization\",\"@id\":\"https:\/\/hizero.ee\/#organization\",\"name\":\"Hizero.ee\",\"url\":\"https:\/\/hizero.ee\/\",\"logo\":{\"@type\":\"ImageObject\",\"inLanguage\":\"lt-LT\",\"@id\":\"https:\/\/hizero.ee\/#\/schema\/logo\/image\/\",\"url\":\"https:\/\/hizero.ee\/wp-content\/uploads\/2024\/11\/Hizero-logo-uus.png\",\"contentUrl\":\"https:\/\/hizero.ee\/wp-content\/uploads\/2024\/11\/Hizero-logo-uus.png\",\"width\":1744,\"height\":456,\"caption\":\"Hizero.ee\"},\"image\":{\"@id\":\"https:\/\/hizero.ee\/#\/schema\/logo\/image\/\"}}]}<\/script>\n<!-- \/ Yoast SEO plugin. -->","yoast_head_json":{"title":"Ostukorv - Hizero","robots":{"index":"index","follow":"follow","max-snippet":"max-snippet:-1","max-image-preview":"max-image-preview:large","max-video-preview":"max-video-preview:-1"},"canonical":"https:\/\/hizero.ee\/lt\/ostukorv\/","og_locale":"lt_LT","og_type":"article","og_title":"Ostukorv - Hizero","og_url":"https:\/\/hizero.ee\/lt\/ostukorv\/","og_site_name":"Hizero","article_modified_time":"2024-08-16T20:33:07+00:00","twitter_card":"summary_large_image","schema":{"@context":"https:\/\/schema.org","@graph":[{"@type":"WebPage","@id":"https:\/\/hizero.ee\/ostukorv\/","url":"https:\/\/hizero.ee\/ostukorv\/","name":"Ostukorv - Hizero","isPartOf":{"@id":"https:\/\/hizero.ee\/#website"},"datePublished":"2024-08-05T12:09:18+00:00","dateModified":"2024-08-16T20:33:07+00:00","breadcrumb":{"@id":"https:\/\/hizero.ee\/ostukorv\/#breadcrumb"},"inLanguage":"lt-LT","potentialAction":[{"@type":"ReadAction","target":["https:\/\/hizero.ee\/ostukorv\/"]}]},{"@type":"BreadcrumbList","@id":"https:\/\/hizero.ee\/ostukorv\/#breadcrumb","itemListElement":[{"@type":"ListItem","position":1,"name":"Home","item":"https:\/\/hizero.ee\/"},{"@type":"ListItem","position":2,"name":"Ostukorv"}]},{"@type":"WebSite","@id":"https:\/\/hizero.ee\/#website","url":"https:\/\/hizero.ee\/","name":"Hizero.ee","description":"Erakordne j\u00f5udlus. Lihtne hooldus.","publisher":{"@id":"https:\/\/hizero.ee\/#organization"},"potentialAction":[{"@type":"SearchAction","target":{"@type":"EntryPoint","urlTemplate":"https:\/\/hizero.ee\/?s={search_term_string}"},"query-input":{"@type":"PropertyValueSpecification","valueRequired":true,"valueName":"search_term_string"}}],"inLanguage":"lt-LT"},{"@type":"Organization","@id":"https:\/\/hizero.ee\/#organization","name":"Hizero.ee","url":"https:\/\/hizero.ee\/","logo":{"@type":"ImageObject","inLanguage":"lt-LT","@id":"https:\/\/hizero.ee\/#\/schema\/logo\/image\/","url":"https:\/\/hizero.ee\/wp-content\/uploads\/2024\/11\/Hizero-logo-uus.png","contentUrl":"https:\/\/hizero.ee\/wp-content\/uploads\/2024\/11\/Hizero-logo-uus.png","width":1744,"height":456,"caption":"Hizero.ee"},"image":{"@id":"https:\/\/hizero.ee\/#\/schema\/logo\/image\/"}}]}},"_links":{"self":[{"href":"https:\/\/hizero.ee\/lt\/wp-json\/wp\/v2\/pages\/502","targetHints":{"allow":["GET"]}}],"collection":[{"href":"https:\/\/hizero.ee\/lt\/wp-json\/wp\/v2\/pages"}],"about":[{"href":"https:\/\/hizero.ee\/lt\/wp-json\/wp\/v2\/types\/page"}],"author":[{"embeddable":true,"href":"https:\/\/hizero.ee\/lt\/wp-json\/wp\/v2\/users\/1"}],"replies":[{"embeddable":true,"href":"https:\/\/hizero.ee\/lt\/wp-json\/wp\/v2\/comments?post=502"}],"version-history":[{"count":1,"href":"https:\/\/hizero.ee\/lt\/wp-json\/wp\/v2\/pages\/502\/revisions"}],"predecessor-version":[{"id":2056,"href":"https:\/\/hizero.ee\/lt\/wp-json\/wp\/v2\/pages\/502\/revisions\/2056"}],"wp:attachment":[{"href":"https:\/\/hizero.ee\/lt\/wp-json\/wp\/v2\/media?parent=502"}],"curies":[{"name":"wp","href":"https:\/\/api.w.org\/{rel}","templated":true}]}}