{"id":506,"date":"2024-08-05T15:13:24","date_gmt":"2024-08-05T12:13:24","guid":{"rendered":"https:\/\/hizero.ee\/?post_type=product&#038;p=506"},"modified":"2026-01-08T14:26:15","modified_gmt":"2026-01-08T12:26:15","slug":"hizero-f500","status":"publish","type":"product","link":"https:\/\/hizero.ee\/lt\/pood\/porandapuhastajad\/hizero-f500\/","title":{"rendered":"Hizero F500"},"content":{"rendered":"<p><strong>Pirmasis pasaulyje universalus grind\u0173 valymo \u012frenginys<\/strong><\/p>\n<p>Belaidis, greitesnis, lengvesnis ir \u0161varesnis!<\/p>\n<p><iframe title=\"Hizero F500 Bionic Hard Floor Cleaner | Making Your Life Easier\" src=\"https:\/\/www.youtube.com\/embed\/WGiZN2_WvhU\" width=\"100%\" height=\"500px\" frameborder=\"0\" allowfullscreen=\"allowfullscreen\"><\/iframe><\/p>\n<p><strong>\u201eAirDry\u201c technologija<\/strong><\/p>\n<p>Skirtingai nuo \u012fprasto grind\u0173 valymo, \u201eHizero\u201c ant grind\u0173 palieka minimal\u0173 vandens kiek\u012f. Tod\u0117l grindys ne tik tampa \u0161varios, bet ir i\u0161d\u017ei\u016bsta akimirksniu.<\/p>\n<p><img fetchpriority=\"high\" decoding=\"async\" class=\"alignnone wp-image-862 size-full\" src=\"https:\/\/hizero.ee\/wp-content\/uploads\/2024\/08\/mbz-5.jpg\" alt=\"\" width=\"1280\" height=\"800\" srcset=\"https:\/\/hizero.ee\/wp-content\/uploads\/2024\/08\/mbz-5.jpg 1280w, https:\/\/hizero.ee\/wp-content\/uploads\/2024\/08\/mbz-5-300x188.jpg 300w, https:\/\/hizero.ee\/wp-content\/uploads\/2024\/08\/mbz-5-600x375.jpg 600w, https:\/\/hizero.ee\/wp-content\/uploads\/2024\/08\/mbz-5-1024x640.jpg 1024w, https:\/\/hizero.ee\/wp-content\/uploads\/2024\/08\/mbz-5-768x480.jpg 768w\" sizes=\"(max-width: 1280px) 100vw, 1280px\" \/><\/p>\n<p><strong>Lengva prie\u017ei\u016bra<\/strong><\/p>\n<p>Valymo galvut\u0119 galima atidaryti vienu mygtuko paspaudimu, tod\u0117l lengva pasiekti volelius ir atliek\u0173 konteiner\u012f, o prietais\u0105 greitai i\u0161valyti.<\/p>\n<p><img decoding=\"async\" class=\"alignnone wp-image-817 size-full\" src=\"https:\/\/hizero.ee\/wp-content\/uploads\/2024\/08\/F500_Features-3.jpg\" alt=\"\" width=\"1280\" height=\"800\" srcset=\"https:\/\/hizero.ee\/wp-content\/uploads\/2024\/08\/F500_Features-3.jpg 1280w, https:\/\/hizero.ee\/wp-content\/uploads\/2024\/08\/F500_Features-3-300x188.jpg 300w, https:\/\/hizero.ee\/wp-content\/uploads\/2024\/08\/F500_Features-3-600x375.jpg 600w, https:\/\/hizero.ee\/wp-content\/uploads\/2024\/08\/F500_Features-3-1024x640.jpg 1024w, https:\/\/hizero.ee\/wp-content\/uploads\/2024\/08\/F500_Features-3-768x480.jpg 768w\" sizes=\"(max-width: 1280px) 100vw, 1280px\" \/><\/p>\n<p><strong>Automatinis atliek\u0173 r\u016b\u0161iavimas<\/strong><\/p>\n<p>Valymo \u012frenginys r\u016b\u0161iuoja skys\u010dius, plaukus ir kietas daleles. Skys\u010diai patenka \u012f kriaukl\u0119. Plaukai pa\u0161alinami vienu paprastu judesiu \u0161epe\u010dio volelio valymo \u012frankiu ir patenka \u012f atliek\u0173 konteiner\u012f su kietomis dalel\u0117mis.<\/p>\n<p><img decoding=\"async\" class=\"alignnone wp-image-864 size-full\" src=\"https:\/\/hizero.ee\/wp-content\/uploads\/2024\/08\/F500-Effortless-Care-banner.jpg\" alt=\"\" width=\"1280\" height=\"800\" srcset=\"https:\/\/hizero.ee\/wp-content\/uploads\/2024\/08\/F500-Effortless-Care-banner.jpg 1280w, https:\/\/hizero.ee\/wp-content\/uploads\/2024\/08\/F500-Effortless-Care-banner-300x188.jpg 300w, https:\/\/hizero.ee\/wp-content\/uploads\/2024\/08\/F500-Effortless-Care-banner-600x375.jpg 600w, https:\/\/hizero.ee\/wp-content\/uploads\/2024\/08\/F500-Effortless-Care-banner-1024x640.jpg 1024w, https:\/\/hizero.ee\/wp-content\/uploads\/2024\/08\/F500-Effortless-Care-banner-768x480.jpg 768w\" sizes=\"(max-width: 1280px) 100vw, 1280px\" \/><\/p>\n<p><strong>I\u0161manus valdymo skydelis<\/strong><\/p>\n<p>\u201eHizero\u201c galima valdyti DVIEM mygtukais. Valdymo skydelio LED indikatoriai informuoja naudotoj\u0105 apie prietaiso b\u016bsen\u0105, tod\u0117l j\u012f lengva naudoti.<\/p>\n<p><img loading=\"lazy\" decoding=\"async\" class=\"alignnone wp-image-865 size-full\" src=\"https:\/\/hizero.ee\/wp-content\/uploads\/2024\/08\/mbz-7.jpg\" alt=\"\" width=\"1280\" height=\"800\" srcset=\"https:\/\/hizero.ee\/wp-content\/uploads\/2024\/08\/mbz-7.jpg 1280w, https:\/\/hizero.ee\/wp-content\/uploads\/2024\/08\/mbz-7-300x188.jpg 300w, https:\/\/hizero.ee\/wp-content\/uploads\/2024\/08\/mbz-7-600x375.jpg 600w, https:\/\/hizero.ee\/wp-content\/uploads\/2024\/08\/mbz-7-1024x640.jpg 1024w, https:\/\/hizero.ee\/wp-content\/uploads\/2024\/08\/mbz-7-768x480.jpg 768w\" sizes=\"(max-width: 1280px) 100vw, 1280px\" \/><\/p>\n<p><strong>Paprasta naudoti<\/strong><\/p>\n<p>Ergonomi\u0161kas ir lengvas \u201eHizero\u201c dizainas leid\u017eia lengvai valyti ir manevruoti. Nesvarbu, ar reikia perkelti prietais\u0105 i\u0161 vieno kambario \u012f kit\u0105, ar valyti po baldais, \u201eHizero\u201c n\u0117ra nieko ne\u012fmanomo.<\/p>\n<p><img loading=\"lazy\" decoding=\"async\" class=\"alignnone wp-image-866 size-full\" src=\"https:\/\/hizero.ee\/wp-content\/uploads\/2024\/08\/mbz-8.jpg\" alt=\"\" width=\"1280\" height=\"800\" srcset=\"https:\/\/hizero.ee\/wp-content\/uploads\/2024\/08\/mbz-8.jpg 1280w, https:\/\/hizero.ee\/wp-content\/uploads\/2024\/08\/mbz-8-300x188.jpg 300w, https:\/\/hizero.ee\/wp-content\/uploads\/2024\/08\/mbz-8-600x375.jpg 600w, https:\/\/hizero.ee\/wp-content\/uploads\/2024\/08\/mbz-8-1024x640.jpg 1024w, https:\/\/hizero.ee\/wp-content\/uploads\/2024\/08\/mbz-8-768x480.jpg 768w\" sizes=\"(max-width: 1280px) 100vw, 1280px\" \/><\/p>\n<p><strong>Greitesnis valymas<\/strong><\/p>\n<p>\u201eHizero\u201c 280 mm plo\u010dio polimerinis volelis yra vienas pla\u010diausi\u0173 rinkoje, tod\u0117l galite grei\u010diau i\u0161valyti tiek didelius, tiek ma\u017eus pavir\u0161ius.<\/p>\n<p><img loading=\"lazy\" decoding=\"async\" class=\"alignnone wp-image-867 size-full\" src=\"https:\/\/hizero.ee\/wp-content\/uploads\/2024\/08\/mbz-9.jpg\" alt=\"\" width=\"1280\" height=\"800\" srcset=\"https:\/\/hizero.ee\/wp-content\/uploads\/2024\/08\/mbz-9.jpg 1280w, https:\/\/hizero.ee\/wp-content\/uploads\/2024\/08\/mbz-9-300x188.jpg 300w, https:\/\/hizero.ee\/wp-content\/uploads\/2024\/08\/mbz-9-600x375.jpg 600w, https:\/\/hizero.ee\/wp-content\/uploads\/2024\/08\/mbz-9-1024x640.jpg 1024w, https:\/\/hizero.ee\/wp-content\/uploads\/2024\/08\/mbz-9-768x480.jpg 768w\" sizes=\"(max-width: 1280px) 100vw, 1280px\" \/><\/p>\n<p><strong>Mis on F500 sees<\/strong><\/p>\n<p><img loading=\"lazy\" decoding=\"async\" class=\"alignnone wp-image-860 size-full\" src=\"https:\/\/hizero.ee\/wp-content\/uploads\/2024\/08\/231027-f500-new-website.png\" alt=\"\" width=\"636\" height=\"767\" srcset=\"https:\/\/hizero.ee\/wp-content\/uploads\/2024\/08\/231027-f500-new-website.png 636w, https:\/\/hizero.ee\/wp-content\/uploads\/2024\/08\/231027-f500-new-website-300x362.png 300w, https:\/\/hizero.ee\/wp-content\/uploads\/2024\/08\/231027-f500-new-website-600x724.png 600w, https:\/\/hizero.ee\/wp-content\/uploads\/2024\/08\/231027-f500-new-website-249x300.png 249w\" sizes=\"(max-width: 636px) 100vw, 636px\" \/><\/p>\n<p><strong>1. Pol\u00fcmeerrull<\/strong><br \/>\nPatentuotas didelio tankio polimerinis volelis yra mink\u0161tas ir patvarus, su savaiminio i\u0161sivalymo funkcija, tod\u0117l volelis visada \u0161varus.<\/p>\n<p><strong>2. Harjarull<\/strong><br \/>\nSpecial\u016bs \u201eHizero\u201c \u0161epe\u010diai-voleliai pa\u0161alina visus plaukus nuo grind\u0173. Net \u012frenginio valymas tampa lengvas d\u0117l \u0161epe\u010dio-volelio valymo \u012frankio.<\/p>\n<p><strong>3. Pr\u00fcgikonteiner<\/strong><br \/>\nVisos kietos atliekos surenkamos \u012f \u0161iuk\u0161li\u0173 konteiner\u012f, kad b\u016bt\u0173 lengva jas i\u0161mesti.<\/p>\n<p><strong>4. Eraldi paagid puhta ja m\u00e4\u00e4rdunud vee jaoks<\/strong><br \/>\n500ml paagid hoiavad musta ja m\u00e4\u00e4rdunud vee eraldi kohtades. Lisaks vee kasutus on nii t\u00f5hus, et 500 ml veega saab puhastada keskmiselt 50 ruutmeetrit p\u00f5randat.<\/p>\n<p><strong>5. Juhtpaneel<\/strong><br \/>\nLengvas valymas vieno mygtuko paspaudimu. Ai\u0161k\u016bs m\u0117lyni ir raudoni LED indikatoriai rodo \u012frenginio b\u016bsen\u0105.<\/p>\n<p><strong>6. Li-ion aku<\/strong><br \/>\nM\u0117gaukit\u0117s patogiu belaid\u017eiu valymu su 60 minu\u010di\u0173 veikian\u010dia baterija. Pilnai \u012fkraunama per 3\u20134 valandas.<\/p>","protected":false},"excerpt":{"rendered":"<div class=\"thread-list-item-message-column\">\n<div>\n<div class=\"message ql-snow\">\n<div class=\"ql-editor\">\n<p>Hizero F500 universaalne p\u00f5randapuhastaja.<\/p>\n<\/div>\n<\/div>\n<\/div>\n<\/div>\n<p>&nbsp;<\/p>","protected":false},"featured_media":94,"comment_status":"open","ping_status":"closed","template":"","meta":[],"product_brand":[],"product_cat":[27],"product_tag":[],"class_list":{"0":"post-506","1":"product","2":"type-product","3":"status-publish","4":"has-post-thumbnail","6":"product_cat-porandapuhastajad","8":"first","9":"instock","10":"taxable","11":"shipping-taxable","12":"purchasable","13":"product-type-simple"},"yoast_head":"<!-- This site is optimized with the Yoast SEO plugin v25.8 - https:\/\/yoast.com\/wordpress\/plugins\/seo\/ -->\n<title>Hizero F500 p\u00f5randapuhastaja<\/title>\n<meta name=\"description\" content=\"Hizero universaalne k\u00f5vade p\u00f5randate puhastaja teeb enamat kui tolmuimeja. See p\u00fchib, peseb ja kogub nii m\u00e4rjad kui ka kuivad lekked p\u00f5randalt, v\u00f5imaldades inimestel nautida puhtamat, tervislikumat ja lihtsamat eluviisi.\" \/>\n<meta name=\"robots\" content=\"noindex, follow\" \/>\n<meta property=\"og:locale\" content=\"lt_LT\" \/>\n<meta property=\"og:type\" content=\"article\" \/>\n<meta property=\"og:title\" content=\"Hizero F500 p\u00f5randapuhastaja\" \/>\n<meta property=\"og:description\" content=\"Hizero universaalne k\u00f5vade p\u00f5randate puhastaja teeb enamat kui tolmuimeja. See p\u00fchib, peseb ja kogub nii m\u00e4rjad kui ka kuivad lekked p\u00f5randalt, v\u00f5imaldades inimestel nautida puhtamat, tervislikumat ja lihtsamat eluviisi.\" \/>\n<meta property=\"og:url\" content=\"https:\/\/hizero.ee\/lt\/pood\/porandapuhastajad\/hizero-f500\/\" \/>\n<meta property=\"og:site_name\" content=\"Hizero\" \/>\n<meta property=\"article:modified_time\" content=\"2026-01-08T12:26:15+00:00\" \/>\n<meta property=\"og:image\" content=\"https:\/\/hizero.ee\/wp-content\/uploads\/2024\/07\/Base-and-machine_front-scaled.jpg\" \/>\n\t<meta property=\"og:image:width\" content=\"1707\" \/>\n\t<meta property=\"og:image:height\" content=\"2560\" \/>\n\t<meta property=\"og:image:type\" content=\"image\/jpeg\" \/>\n<meta name=\"twitter:card\" content=\"summary_large_image\" \/>\n<meta name=\"twitter:label1\" content=\"Est. reading time\" \/>\n\t<meta name=\"twitter:data1\" content=\"4 minut\u0117s\" \/>\n<script type=\"application\/ld+json\" class=\"yoast-schema-graph\">{\"@context\":\"https:\/\/schema.org\",\"@graph\":[{\"@type\":\"WebPage\",\"@id\":\"https:\/\/hizero.ee\/pood\/porandapuhastajad\/hizero-f500\/\",\"url\":\"https:\/\/hizero.ee\/pood\/porandapuhastajad\/hizero-f500\/\",\"name\":\"Hizero F500 p\u00f5randapuhastaja\",\"isPartOf\":{\"@id\":\"https:\/\/hizero.ee\/#website\"},\"primaryImageOfPage\":{\"@id\":\"https:\/\/hizero.ee\/pood\/porandapuhastajad\/hizero-f500\/#primaryimage\"},\"image\":{\"@id\":\"https:\/\/hizero.ee\/pood\/porandapuhastajad\/hizero-f500\/#primaryimage\"},\"thumbnailUrl\":\"https:\/\/hizero.ee\/wp-content\/uploads\/2024\/07\/Base-and-machine_front-scaled.jpg\",\"datePublished\":\"2024-08-05T12:13:24+00:00\",\"dateModified\":\"2026-01-08T12:26:15+00:00\",\"description\":\"Hizero universaalne k\u00f5vade p\u00f5randate puhastaja teeb enamat kui tolmuimeja. See p\u00fchib, peseb ja kogub nii m\u00e4rjad kui ka kuivad lekked p\u00f5randalt, v\u00f5imaldades inimestel nautida puhtamat, tervislikumat ja lihtsamat eluviisi.\",\"breadcrumb\":{\"@id\":\"https:\/\/hizero.ee\/pood\/porandapuhastajad\/hizero-f500\/#breadcrumb\"},\"inLanguage\":\"lt-LT\",\"potentialAction\":[{\"@type\":\"ReadAction\",\"target\":[\"https:\/\/hizero.ee\/pood\/porandapuhastajad\/hizero-f500\/\"]}]},{\"@type\":\"ImageObject\",\"inLanguage\":\"lt-LT\",\"@id\":\"https:\/\/hizero.ee\/pood\/porandapuhastajad\/hizero-f500\/#primaryimage\",\"url\":\"https:\/\/hizero.ee\/wp-content\/uploads\/2024\/07\/Base-and-machine_front-scaled.jpg\",\"contentUrl\":\"https:\/\/hizero.ee\/wp-content\/uploads\/2024\/07\/Base-and-machine_front-scaled.jpg\",\"width\":1707,\"height\":2560},{\"@type\":\"BreadcrumbList\",\"@id\":\"https:\/\/hizero.ee\/pood\/porandapuhastajad\/hizero-f500\/#breadcrumb\",\"itemListElement\":[{\"@type\":\"ListItem\",\"position\":1,\"name\":\"Home\",\"item\":\"https:\/\/hizero.ee\/\"},{\"@type\":\"ListItem\",\"position\":2,\"name\":\"Pood\",\"item\":\"https:\/\/hizero.ee\/pood\/\"},{\"@type\":\"ListItem\",\"position\":3,\"name\":\"Hizero F500\"}]},{\"@type\":\"WebSite\",\"@id\":\"https:\/\/hizero.ee\/#website\",\"url\":\"https:\/\/hizero.ee\/\",\"name\":\"Hizero.ee\",\"description\":\"Erakordne j\u00f5udlus. Lihtne hooldus.\",\"publisher\":{\"@id\":\"https:\/\/hizero.ee\/#organization\"},\"potentialAction\":[{\"@type\":\"SearchAction\",\"target\":{\"@type\":\"EntryPoint\",\"urlTemplate\":\"https:\/\/hizero.ee\/?s={search_term_string}\"},\"query-input\":{\"@type\":\"PropertyValueSpecification\",\"valueRequired\":true,\"valueName\":\"search_term_string\"}}],\"inLanguage\":\"lt-LT\"},{\"@type\":\"Organization\",\"@id\":\"https:\/\/hizero.ee\/#organization\",\"name\":\"Hizero.ee\",\"url\":\"https:\/\/hizero.ee\/\",\"logo\":{\"@type\":\"ImageObject\",\"inLanguage\":\"lt-LT\",\"@id\":\"https:\/\/hizero.ee\/#\/schema\/logo\/image\/\",\"url\":\"https:\/\/hizero.ee\/wp-content\/uploads\/2024\/11\/Hizero-logo-uus.png\",\"contentUrl\":\"https:\/\/hizero.ee\/wp-content\/uploads\/2024\/11\/Hizero-logo-uus.png\",\"width\":1744,\"height\":456,\"caption\":\"Hizero.ee\"},\"image\":{\"@id\":\"https:\/\/hizero.ee\/#\/schema\/logo\/image\/\"}}]}<\/script>\n<!-- \/ Yoast SEO plugin. -->","yoast_head_json":{"title":"Hizero F500 p\u00f5randapuhastaja","description":"\u201eHizero\u201c universalus kiet\u0173 grind\u0173 valymo \u012frenginys ne tik siurbia. Jis \u0161luoja, plauna ir surenka tiek \u0161lapias, tiek sausas dulkes nuo grind\u0173, leisdamas \u017emon\u0117ms m\u0117gautis \u0161varesniu, sveikesniu ir lengvesniu gyvenimu.","robots":{"index":"noindex","follow":"follow"},"og_locale":"lt_LT","og_type":"article","og_title":"Hizero F500 p\u00f5randapuhastaja","og_description":"Hizero universaalne k\u00f5vade p\u00f5randate puhastaja teeb enamat kui tolmuimeja. See p\u00fchib, peseb ja kogub nii m\u00e4rjad kui ka kuivad lekked p\u00f5randalt, v\u00f5imaldades inimestel nautida puhtamat, tervislikumat ja lihtsamat eluviisi.","og_url":"https:\/\/hizero.ee\/lt\/pood\/porandapuhastajad\/hizero-f500\/","og_site_name":"Hizero","article_modified_time":"2026-01-08T12:26:15+00:00","og_image":[{"width":1707,"height":2560,"url":"https:\/\/hizero.ee\/wp-content\/uploads\/2024\/07\/Base-and-machine_front-scaled.jpg","type":"image\/jpeg"}],"twitter_card":"summary_large_image","twitter_misc":{"Est. reading time":"4 minut\u0117s"},"schema":{"@context":"https:\/\/schema.org","@graph":[{"@type":"WebPage","@id":"https:\/\/hizero.ee\/pood\/porandapuhastajad\/hizero-f500\/","url":"https:\/\/hizero.ee\/pood\/porandapuhastajad\/hizero-f500\/","name":"Hizero F500 p\u00f5randapuhastaja","isPartOf":{"@id":"https:\/\/hizero.ee\/#website"},"primaryImageOfPage":{"@id":"https:\/\/hizero.ee\/pood\/porandapuhastajad\/hizero-f500\/#primaryimage"},"image":{"@id":"https:\/\/hizero.ee\/pood\/porandapuhastajad\/hizero-f500\/#primaryimage"},"thumbnailUrl":"https:\/\/hizero.ee\/wp-content\/uploads\/2024\/07\/Base-and-machine_front-scaled.jpg","datePublished":"2024-08-05T12:13:24+00:00","dateModified":"2026-01-08T12:26:15+00:00","description":"\u201eHizero\u201c universalus kiet\u0173 grind\u0173 valymo \u012frenginys ne tik siurbia. Jis \u0161luoja, plauna ir surenka tiek \u0161lapias, tiek sausas dulkes nuo grind\u0173, leisdamas \u017emon\u0117ms m\u0117gautis \u0161varesniu, sveikesniu ir lengvesniu gyvenimu.","breadcrumb":{"@id":"https:\/\/hizero.ee\/pood\/porandapuhastajad\/hizero-f500\/#breadcrumb"},"inLanguage":"lt-LT","potentialAction":[{"@type":"ReadAction","target":["https:\/\/hizero.ee\/pood\/porandapuhastajad\/hizero-f500\/"]}]},{"@type":"ImageObject","inLanguage":"lt-LT","@id":"https:\/\/hizero.ee\/pood\/porandapuhastajad\/hizero-f500\/#primaryimage","url":"https:\/\/hizero.ee\/wp-content\/uploads\/2024\/07\/Base-and-machine_front-scaled.jpg","contentUrl":"https:\/\/hizero.ee\/wp-content\/uploads\/2024\/07\/Base-and-machine_front-scaled.jpg","width":1707,"height":2560},{"@type":"BreadcrumbList","@id":"https:\/\/hizero.ee\/pood\/porandapuhastajad\/hizero-f500\/#breadcrumb","itemListElement":[{"@type":"ListItem","position":1,"name":"Home","item":"https:\/\/hizero.ee\/"},{"@type":"ListItem","position":2,"name":"Pood","item":"https:\/\/hizero.ee\/pood\/"},{"@type":"ListItem","position":3,"name":"Hizero F500"}]},{"@type":"WebSite","@id":"https:\/\/hizero.ee\/#website","url":"https:\/\/hizero.ee\/","name":"Hizero.ee","description":"Erakordne j\u00f5udlus. Lihtne hooldus.","publisher":{"@id":"https:\/\/hizero.ee\/#organization"},"potentialAction":[{"@type":"SearchAction","target":{"@type":"EntryPoint","urlTemplate":"https:\/\/hizero.ee\/?s={search_term_string}"},"query-input":{"@type":"PropertyValueSpecification","valueRequired":true,"valueName":"search_term_string"}}],"inLanguage":"lt-LT"},{"@type":"Organization","@id":"https:\/\/hizero.ee\/#organization","name":"Hizero.ee","url":"https:\/\/hizero.ee\/","logo":{"@type":"ImageObject","inLanguage":"lt-LT","@id":"https:\/\/hizero.ee\/#\/schema\/logo\/image\/","url":"https:\/\/hizero.ee\/wp-content\/uploads\/2024\/11\/Hizero-logo-uus.png","contentUrl":"https:\/\/hizero.ee\/wp-content\/uploads\/2024\/11\/Hizero-logo-uus.png","width":1744,"height":456,"caption":"Hizero.ee"},"image":{"@id":"https:\/\/hizero.ee\/#\/schema\/logo\/image\/"}}]}},"_links":{"self":[{"href":"https:\/\/hizero.ee\/lt\/wp-json\/wp\/v2\/product\/506","targetHints":{"allow":["GET"]}}],"collection":[{"href":"https:\/\/hizero.ee\/lt\/wp-json\/wp\/v2\/product"}],"about":[{"href":"https:\/\/hizero.ee\/lt\/wp-json\/wp\/v2\/types\/product"}],"replies":[{"embeddable":true,"href":"https:\/\/hizero.ee\/lt\/wp-json\/wp\/v2\/comments?post=506"}],"wp:featuredmedia":[{"embeddable":true,"href":"https:\/\/hizero.ee\/lt\/wp-json\/wp\/v2\/media\/94"}],"wp:attachment":[{"href":"https:\/\/hizero.ee\/lt\/wp-json\/wp\/v2\/media?parent=506"}],"wp:term":[{"taxonomy":"product_brand","embeddable":true,"href":"https:\/\/hizero.ee\/lt\/wp-json\/wp\/v2\/product_brand?post=506"},{"taxonomy":"product_cat","embeddable":true,"href":"https:\/\/hizero.ee\/lt\/wp-json\/wp\/v2\/product_cat?post=506"},{"taxonomy":"product_tag","embeddable":true,"href":"https:\/\/hizero.ee\/lt\/wp-json\/wp\/v2\/product_tag?post=506"}],"curies":[{"name":"wp","href":"https:\/\/api.w.org\/{rel}","templated":true}]}}